{"id":2994,"date":"2025-08-08T03:33:11","date_gmt":"2025-08-08T03:33:11","guid":{"rendered":"https:\/\/carbideprovider.com\/?page_id=2994"},"modified":"2025-08-08T06:01:22","modified_gmt":"2025-08-08T06:01:22","slug":"single-workpiece-wet-sandblasting-machine","status":"publish","type":"page","link":"https:\/\/carbideprovider.com\/fr\/single-workpiece-wet-sandblasting-machine\/","title":{"rendered":"Machine de sablage humide \u00e0 pi\u00e8ce unique"},"content":{"rendered":"<div data-elementor-type=\"wp-page\" data-elementor-id=\"2994\" class=\"elementor elementor-2994\" data-elementor-post-type=\"page\">\n\t\t\t\t<div data-particle_enable=\"false\" data-particle-mobile-disabled=\"false\" class=\"elementor-element elementor-element-34d974e e-flex e-con-boxed e-con e-parent\" data-id=\"34d974e\" data-element_type=\"container\" data-e-type=\"container\" data-settings=\"{&quot;background_background&quot;:&quot;classic&quot;}\">\n\t\t\t\t\t<div class=\"e-con-inner\">\n\t\t\t\t<div class=\"elementor-element elementor-element-60a0463 elementor-widget elementor-widget-spacer\" data-id=\"60a0463\" data-element_type=\"widget\" data-e-type=\"widget\" data-widget_type=\"spacer.default\">\n\t\t\t\t<div class=\"elementor-widget-container\">\n\t\t\t\t\t\t\t<div class=\"elementor-spacer\">\n\t\t\t<div class=\"elementor-spacer-inner\"><\/div>\n\t\t<\/div>\n\t\t\t\t\t\t<\/div>\n\t\t\t\t<\/div>\n\t\t\t\t\t<\/div>\n\t\t\t\t<\/div>\n\t\t<div data-particle_enable=\"false\" data-particle-mobile-disabled=\"false\" class=\"elementor-element elementor-element-c35e55d e-flex e-con-boxed e-con e-parent\" data-id=\"c35e55d\" data-element_type=\"container\" data-e-type=\"container\" data-settings=\"{&quot;background_background&quot;:&quot;classic&quot;}\">\n\t\t\t\t\t<div class=\"e-con-inner\">\n\t\t\t\t<div class=\"elementor-element elementor-element-96ec3d3 elementor-widget elementor-widget-heading\" data-id=\"96ec3d3\" data-element_type=\"widget\" data-e-type=\"widget\" data-widget_type=\"heading.default\">\n\t\t\t\t<div class=\"elementor-widget-container\">\n\t\t\t\t\t<h2 class=\"elementor-heading-title elementor-size-default\">Machine de sablage humide \u00e0 pi\u00e8ce unique<\/h2>\t\t\t\t<\/div>\n\t\t\t\t<\/div>\n\t\t\t\t<div class=\"elementor-element elementor-element-3a290ac elementor-widget elementor-widget-text-editor\" data-id=\"3a290ac\" data-element_type=\"widget\" data-e-type=\"widget\" data-widget_type=\"text-editor.default\">\n\t\t\t\t<div class=\"elementor-widget-container\">\n\t\t\t\t\t\t\t\t\t<p>La machine de sablage humide \u00e0 pi\u00e8ce unique est une machine automatique de type unit\u00e9 pour le traitement de surface individuel et le rodage des plaquettes en carbure, qui peut r\u00e9aliser un traitement stable en rempla\u00e7ant simplement le plateau de mat\u00e9riau.<\/p><p>La machine est con\u00e7ue pour effectuer le rodage, le traitement de pr\u00e9-rev\u00eatement et le traitement de post-rev\u00eatement sur les ar\u00eates de coupe des plaquettes en carbure par sablage humide.<\/p><p>Il s'applique principalement aux inserts dont le diam\u00e8tre est compris entre 6,35 et 25,4 mm et dont l'\u00e9paisseur est comprise entre 2,4 et 9,5 mm, \u00e0 l'exclusion des inserts sans trou int\u00e9rieur.<\/p>\t\t\t\t\t\t\t\t<\/div>\n\t\t\t\t<\/div>\n\t\t\t\t<div class=\"elementor-element elementor-element-e4ec3d6 elementor-widget elementor-widget-image\" data-id=\"e4ec3d6\" data-element_type=\"widget\" data-e-type=\"widget\" data-widget_type=\"image.default\">\n\t\t\t\t<div class=\"elementor-widget-container\">\n\t\t\t\t\t\t\t\t\t\t\t\t\t\t\t<img fetchpriority=\"high\" decoding=\"async\" width=\"499\" height=\"823\" src=\"https:\/\/carbideprovider.com\/wp-content\/uploads\/2025\/08\/Single-workpiece-wet-sandblasting-machine.jpg\" class=\"attachment-large size-large wp-image-2997\" alt=\"Single-workpiece wet sandblasting machine\" srcset=\"https:\/\/carbideprovider.com\/wp-content\/uploads\/2025\/08\/Single-workpiece-wet-sandblasting-machine.jpg 499w, https:\/\/carbideprovider.com\/wp-content\/uploads\/2025\/08\/Single-workpiece-wet-sandblasting-machine-182x300.jpg 182w, https:\/\/carbideprovider.com\/wp-content\/uploads\/2025\/08\/Single-workpiece-wet-sandblasting-machine-7x12.jpg 7w\" sizes=\"(max-width: 499px) 100vw, 499px\" \/>\t\t\t\t\t\t\t\t\t\t\t\t\t\t\t<\/div>\n\t\t\t\t<\/div>\n\t\t\t\t<div class=\"elementor-element elementor-element-d701103 elementor-widget elementor-widget-text-editor\" data-id=\"d701103\" data-element_type=\"widget\" data-e-type=\"widget\" data-widget_type=\"text-editor.default\">\n\t\t\t\t<div class=\"elementor-widget-container\">\n\t\t\t\t\t\t\t\t\t<p><strong>Op\u00e9ration Vidio<\/strong><\/p>\t\t\t\t\t\t\t\t<\/div>\n\t\t\t\t<\/div>\n\t\t\t\t<div class=\"elementor-element elementor-element-fe75260 elementor-widget elementor-widget-text-editor\" data-id=\"fe75260\" data-element_type=\"widget\" data-e-type=\"widget\" data-widget_type=\"text-editor.default\">\n\t\t\t\t<div class=\"elementor-widget-container\">\n\t\t\t\t\t\t\t\t\t<p><strong>Structure<\/strong><strong>\u00a0<\/strong><\/p><p><strong>Cabine de sablage<\/strong><\/p><ul><li>Ins\u00e9rez la pi\u00e8ce et faites-la tourner pendant que vous utilisez le pistolet de sablage pour le traitement au jet de sable.<\/li><li>Ajustez l'angle appropri\u00e9 en fonction des diff\u00e9rentes recettes et des inserts.<\/li><li>S'adapter \u00e0 diff\u00e9rents types de plaquettes en rempla\u00e7ant le mandrin.<\/li><\/ul>\t\t\t\t\t\t\t\t<\/div>\n\t\t\t\t<\/div>\n\t\t\t\t<div class=\"elementor-element elementor-element-9ef7fcd elementor-widget elementor-widget-image\" data-id=\"9ef7fcd\" data-element_type=\"widget\" data-e-type=\"widget\" data-widget_type=\"image.default\">\n\t\t\t\t<div class=\"elementor-widget-container\">\n\t\t\t\t\t\t\t\t\t\t\t\t\t\t\t<img decoding=\"async\" width=\"738\" height=\"430\" src=\"https:\/\/carbideprovider.com\/wp-content\/uploads\/2025\/08\/Single-workpiece-wet-sandblasting-machine-1.jpg\" class=\"attachment-large size-large wp-image-2998\" alt=\"\" srcset=\"https:\/\/carbideprovider.com\/wp-content\/uploads\/2025\/08\/Single-workpiece-wet-sandblasting-machine-1.jpg 738w, https:\/\/carbideprovider.com\/wp-content\/uploads\/2025\/08\/Single-workpiece-wet-sandblasting-machine-1-300x175.jpg 300w, https:\/\/carbideprovider.com\/wp-content\/uploads\/2025\/08\/Single-workpiece-wet-sandblasting-machine-1-18x10.jpg 18w\" sizes=\"(max-width: 738px) 100vw, 738px\" \/>\t\t\t\t\t\t\t\t\t\t\t\t\t\t\t<\/div>\n\t\t\t\t<\/div>\n\t\t\t\t<div class=\"elementor-element elementor-element-0bcd998 elementor-widget elementor-widget-text-editor\" data-id=\"0bcd998\" data-element_type=\"widget\" data-e-type=\"widget\" data-widget_type=\"text-editor.default\">\n\t\t\t\t<div class=\"elementor-widget-container\">\n\t\t\t\t\t\t\t\t\t<p><strong>Rangement des plateaux<\/strong><\/p><ul><li>Pour la mise en place des plateaux, les plaquettes non trait\u00e9es et trait\u00e9es sont plac\u00e9es sur le m\u00eame plateau, l'ensemble du plateau \u00e9tant immerg\u00e9 dans l'eau pour \u00e9viter l'oxydation.<\/li><li>Diff\u00e9rents plateaux peuvent \u00eatre remplac\u00e9s en fonction de la forme des inserts.<\/li><\/ul>\t\t\t\t\t\t\t\t<\/div>\n\t\t\t\t<\/div>\n\t\t\t\t<div class=\"elementor-element elementor-element-509bf5a elementor-widget elementor-widget-image\" data-id=\"509bf5a\" data-element_type=\"widget\" data-e-type=\"widget\" data-widget_type=\"image.default\">\n\t\t\t\t<div class=\"elementor-widget-container\">\n\t\t\t\t\t\t\t\t\t\t\t\t\t\t\t<img decoding=\"async\" width=\"768\" height=\"800\" src=\"https:\/\/carbideprovider.com\/wp-content\/uploads\/2025\/08\/Single-workpiece-wet-sandblasting-machine-3.jpg\" class=\"attachment-large size-large wp-image-2999\" alt=\"Single-workpiece wet sandblasting machine 3\" srcset=\"https:\/\/carbideprovider.com\/wp-content\/uploads\/2025\/08\/Single-workpiece-wet-sandblasting-machine-3.jpg 768w, https:\/\/carbideprovider.com\/wp-content\/uploads\/2025\/08\/Single-workpiece-wet-sandblasting-machine-3-288x300.jpg 288w, https:\/\/carbideprovider.com\/wp-content\/uploads\/2025\/08\/Single-workpiece-wet-sandblasting-machine-3-12x12.jpg 12w\" sizes=\"(max-width: 768px) 100vw, 768px\" \/>\t\t\t\t\t\t\t\t\t\t\t\t\t\t\t<\/div>\n\t\t\t\t<\/div>\n\t\t\t\t<div class=\"elementor-element elementor-element-df9dbb0 elementor-widget elementor-widget-text-editor\" data-id=\"df9dbb0\" data-element_type=\"widget\" data-e-type=\"widget\" data-widget_type=\"text-editor.default\">\n\t\t\t\t<div class=\"elementor-widget-container\">\n\t\t\t\t\t\t\t\t\t<p><strong>Robot pour le pr\u00e9l\u00e8vement et le d\u00e9placement d'encarts<\/strong><\/p><ul><li>&gt; Les plaquettes non trait\u00e9es du plateau sont serr\u00e9es et d\u00e9plac\u00e9es vers la cuve de sablage, et les plaquettes trait\u00e9es sont serr\u00e9es \u00e0 nouveau dans le plateau par un robot.<\/li><li>&gt; Le robot poss\u00e8de des axes X, Y et Z. Il est \u00e9quip\u00e9 de servomoteurs pour un meilleur positionnement et une plus grande pr\u00e9cision du sablage.<\/li><\/ul>\t\t\t\t\t\t\t\t<\/div>\n\t\t\t\t<\/div>\n\t\t\t\t<div class=\"elementor-element elementor-element-945e063 elementor-widget elementor-widget-image\" data-id=\"945e063\" data-element_type=\"widget\" data-e-type=\"widget\" data-widget_type=\"image.default\">\n\t\t\t\t<div class=\"elementor-widget-container\">\n\t\t\t\t\t\t\t\t\t\t\t\t\t\t\t<img loading=\"lazy\" decoding=\"async\" width=\"1024\" height=\"701\" src=\"https:\/\/carbideprovider.com\/wp-content\/uploads\/2025\/08\/Single-workpiece-wet-sandblasting-machine-4-1024x701.jpg\" class=\"attachment-large size-large wp-image-3000\" alt=\"Single-workpiece wet sandblasting machine 4\" srcset=\"https:\/\/carbideprovider.com\/wp-content\/uploads\/2025\/08\/Single-workpiece-wet-sandblasting-machine-4-1024x701.jpg 1024w, https:\/\/carbideprovider.com\/wp-content\/uploads\/2025\/08\/Single-workpiece-wet-sandblasting-machine-4-300x205.jpg 300w, https:\/\/carbideprovider.com\/wp-content\/uploads\/2025\/08\/Single-workpiece-wet-sandblasting-machine-4-768x526.jpg 768w, https:\/\/carbideprovider.com\/wp-content\/uploads\/2025\/08\/Single-workpiece-wet-sandblasting-machine-4-18x12.jpg 18w, https:\/\/carbideprovider.com\/wp-content\/uploads\/2025\/08\/Single-workpiece-wet-sandblasting-machine-4.jpg 1109w\" sizes=\"(max-width: 1024px) 100vw, 1024px\" \/>\t\t\t\t\t\t\t\t\t\t\t\t\t\t\t<\/div>\n\t\t\t\t<\/div>\n\t\t\t\t<div class=\"elementor-element elementor-element-c8ce1e3 elementor-widget elementor-widget-text-editor\" data-id=\"c8ce1e3\" data-element_type=\"widget\" data-e-type=\"widget\" data-widget_type=\"text-editor.default\">\n\t\t\t\t<div class=\"elementor-widget-container\">\n\t\t\t\t\t\t\t\t\t<p><strong>Dispositif de recyclage du sable usag\u00e9<\/strong><\/p><ul><li>Le sable r\u00e9siduel du s\u00e9parateur \u00e0 vortex de l'\u00e9quipement est s\u00e9par\u00e9 dans ce dispositif, o\u00f9 le sable r\u00e9siduel se d\u00e9pose au fond du r\u00e9servoir, et l'eau propre est recycl\u00e9e dans le r\u00e9servoir \u00e0 boues.<\/li><\/ul>\t\t\t\t\t\t\t\t<\/div>\n\t\t\t\t<\/div>\n\t\t\t\t<div class=\"elementor-element elementor-element-c7458fd elementor-widget elementor-widget-image\" data-id=\"c7458fd\" data-element_type=\"widget\" data-e-type=\"widget\" data-widget_type=\"image.default\">\n\t\t\t\t<div class=\"elementor-widget-container\">\n\t\t\t\t\t\t\t\t\t\t\t\t\t\t\t<img loading=\"lazy\" decoding=\"async\" width=\"270\" height=\"440\" src=\"https:\/\/carbideprovider.com\/wp-content\/uploads\/2025\/08\/Single-workpiece-wet-sandblasting-machine-5.jpg\" class=\"attachment-large size-large wp-image-3001\" alt=\"Single-workpiece wet sandblasting machine 5\" srcset=\"https:\/\/carbideprovider.com\/wp-content\/uploads\/2025\/08\/Single-workpiece-wet-sandblasting-machine-5.jpg 270w, https:\/\/carbideprovider.com\/wp-content\/uploads\/2025\/08\/Single-workpiece-wet-sandblasting-machine-5-184x300.jpg 184w, https:\/\/carbideprovider.com\/wp-content\/uploads\/2025\/08\/Single-workpiece-wet-sandblasting-machine-5-7x12.jpg 7w\" sizes=\"(max-width: 270px) 100vw, 270px\" \/>\t\t\t\t\t\t\t\t\t\t\t\t\t\t\t<\/div>\n\t\t\t\t<\/div>\n\t\t\t\t<div class=\"elementor-element elementor-element-979597a elementor-widget elementor-widget-text-editor\" data-id=\"979597a\" data-element_type=\"widget\" data-e-type=\"widget\" data-widget_type=\"text-editor.default\">\n\t\t\t\t<div class=\"elementor-widget-container\">\n\t\t\t\t\t\t\t\t\t<p><strong>Ventilateur de d\u00e9poussi\u00e9rage<\/strong><\/p><p>L'\u00e9quipement est \u00e9quip\u00e9 d'un syst\u00e8me de d\u00e9poussi\u00e9rage qui permet de recueillir efficacement le brouillard de sable g\u00e9n\u00e9r\u00e9 pendant le processus de sablage.<\/p>\t\t\t\t\t\t\t\t<\/div>\n\t\t\t\t<\/div>\n\t\t\t\t<div class=\"elementor-element elementor-element-c9e57c3 elementor-widget elementor-widget-image\" data-id=\"c9e57c3\" data-element_type=\"widget\" data-e-type=\"widget\" data-widget_type=\"image.default\">\n\t\t\t\t<div class=\"elementor-widget-container\">\n\t\t\t\t\t\t\t\t\t\t\t\t\t\t\t<img loading=\"lazy\" decoding=\"async\" width=\"297\" height=\"374\" src=\"https:\/\/carbideprovider.com\/wp-content\/uploads\/2025\/08\/Single-workpiece-wet-sandblasting-machine-6.jpg\" class=\"attachment-large size-large wp-image-3002\" alt=\"Single-workpiece wet sandblasting machine 6\" srcset=\"https:\/\/carbideprovider.com\/wp-content\/uploads\/2025\/08\/Single-workpiece-wet-sandblasting-machine-6.jpg 297w, https:\/\/carbideprovider.com\/wp-content\/uploads\/2025\/08\/Single-workpiece-wet-sandblasting-machine-6-238x300.jpg 238w, https:\/\/carbideprovider.com\/wp-content\/uploads\/2025\/08\/Single-workpiece-wet-sandblasting-machine-6-10x12.jpg 10w\" sizes=\"(max-width: 297px) 100vw, 297px\" \/>\t\t\t\t\t\t\t\t\t\t\t\t\t\t\t<\/div>\n\t\t\t\t<\/div>\n\t\t\t\t\t<\/div>\n\t\t\t\t<\/div>\n\t\t\t\t<\/div>","protected":false},"excerpt":{"rendered":"<p>Single-workpiece wet sandblasting machine The single-workpiece wet sandblasting machine is a unit-type automatic machine for individual surface treatment and honing of carbide inserts, which can achieve stable processing by simply replacing the material tray. The machine is designed to perform honing, pre-coating treatment, and post-coating treatment on the cutting edges of carbide inserts through wet [&hellip;]<\/p>\n","protected":false},"author":2,"featured_media":0,"parent":0,"menu_order":0,"comment_status":"closed","ping_status":"closed","template":"","meta":{"footnotes":""},"class_list":["post-2994","page","type-page","status-publish","hentry"],"blocksy_meta":[],"_links":{"self":[{"href":"https:\/\/carbideprovider.com\/fr\/wp-json\/wp\/v2\/pages\/2994","targetHints":{"allow":["GET"]}}],"collection":[{"href":"https:\/\/carbideprovider.com\/fr\/wp-json\/wp\/v2\/pages"}],"about":[{"href":"https:\/\/carbideprovider.com\/fr\/wp-json\/wp\/v2\/types\/page"}],"author":[{"embeddable":true,"href":"https:\/\/carbideprovider.com\/fr\/wp-json\/wp\/v2\/users\/2"}],"replies":[{"embeddable":true,"href":"https:\/\/carbideprovider.com\/fr\/wp-json\/wp\/v2\/comments?post=2994"}],"version-history":[{"count":4,"href":"https:\/\/carbideprovider.com\/fr\/wp-json\/wp\/v2\/pages\/2994\/revisions"}],"predecessor-version":[{"id":3005,"href":"https:\/\/carbideprovider.com\/fr\/wp-json\/wp\/v2\/pages\/2994\/revisions\/3005"}],"wp:attachment":[{"href":"https:\/\/carbideprovider.com\/fr\/wp-json\/wp\/v2\/media?parent=2994"}],"curies":[{"name":"wp","href":"https:\/\/api.w.org\/{rel}","templated":true}]}}