{"id":2983,"date":"2025-08-08T02:49:18","date_gmt":"2025-08-08T02:49:18","guid":{"rendered":"https:\/\/carbideprovider.com\/?page_id=2983"},"modified":"2025-08-08T03:20:48","modified_gmt":"2025-08-08T03:20:48","slug":"n8-high-precision-cylindrical-grinder","status":"publish","type":"page","link":"https:\/\/carbideprovider.com\/fr\/n8-high-precision-cylindrical-grinder\/","title":{"rendered":"Meuleuse cylindrique de haute pr\u00e9cision N8"},"content":{"rendered":"<div data-elementor-type=\"wp-page\" data-elementor-id=\"2983\" class=\"elementor elementor-2983\" data-elementor-post-type=\"page\">\n\t\t\t\t<div data-particle_enable=\"false\" data-particle-mobile-disabled=\"false\" class=\"elementor-element elementor-element-34d974e e-flex e-con-boxed e-con e-parent\" data-id=\"34d974e\" data-element_type=\"container\" data-e-type=\"container\" data-settings=\"{&quot;background_background&quot;:&quot;classic&quot;}\">\n\t\t\t\t\t<div class=\"e-con-inner\">\n\t\t\t\t<div class=\"elementor-element elementor-element-60a0463 elementor-widget elementor-widget-spacer\" data-id=\"60a0463\" data-element_type=\"widget\" data-e-type=\"widget\" data-widget_type=\"spacer.default\">\n\t\t\t\t<div class=\"elementor-widget-container\">\n\t\t\t\t\t\t\t<div class=\"elementor-spacer\">\n\t\t\t<div class=\"elementor-spacer-inner\"><\/div>\n\t\t<\/div>\n\t\t\t\t\t\t<\/div>\n\t\t\t\t<\/div>\n\t\t\t\t\t<\/div>\n\t\t\t\t<\/div>\n\t\t<div data-particle_enable=\"false\" data-particle-mobile-disabled=\"false\" class=\"elementor-element elementor-element-c35e55d e-flex e-con-boxed e-con e-parent\" data-id=\"c35e55d\" data-element_type=\"container\" data-e-type=\"container\" data-settings=\"{&quot;background_background&quot;:&quot;classic&quot;}\">\n\t\t\t\t\t<div class=\"e-con-inner\">\n\t\t\t\t<div class=\"elementor-element elementor-element-96ec3d3 elementor-widget elementor-widget-heading\" data-id=\"96ec3d3\" data-element_type=\"widget\" data-e-type=\"widget\" data-widget_type=\"heading.default\">\n\t\t\t\t<div class=\"elementor-widget-container\">\n\t\t\t\t\t<h2 class=\"elementor-heading-title elementor-size-default\">Meuleuse cylindrique de haute pr\u00e9cision N8<\/h2>\t\t\t\t<\/div>\n\t\t\t\t<\/div>\n\t\t\t\t<div class=\"elementor-element elementor-element-3a290ac elementor-widget elementor-widget-text-editor\" data-id=\"3a290ac\" data-element_type=\"widget\" data-e-type=\"widget\" data-widget_type=\"text-editor.default\">\n\t\t\t\t<div class=\"elementor-widget-container\">\n\t\t\t\t\t\t\t\t\tStructure de base de la machine-outil et principe d'usinage\n<br><br>\n\nLa N8 est con\u00e7ue pour le meulage \u00e0 avance lat\u00e9rale. La pi\u00e8ce est pouss\u00e9e dans le bloc en \"V\" en carbure c\u00e9ment\u00e9 dans la direction de l'axe Y, et la meule d'\u00e9bauche et la meule fine sont simultan\u00e9ment rectifi\u00e9es (axes x et v).<br><br>\n\nLa meule d'\u00e9bauche assure une grande pr\u00e9cision de meulage tout en garantissant une grande pr\u00e9cision de meulage. La meule de pr\u00e9cision permet d'obtenir une finition de surface \u00e9lev\u00e9e tout en garantissant une grande pr\u00e9cision de meulage.\t\t\t\t\t\t\t\t<\/div>\n\t\t\t\t<\/div>\n\t\t\t\t<div class=\"elementor-element elementor-element-e4ec3d6 elementor-widget elementor-widget-image\" data-id=\"e4ec3d6\" data-element_type=\"widget\" data-e-type=\"widget\" data-widget_type=\"image.default\">\n\t\t\t\t<div class=\"elementor-widget-container\">\n\t\t\t\t\t\t\t\t\t\t\t\t\t\t\t<img fetchpriority=\"high\" decoding=\"async\" width=\"345\" height=\"386\" src=\"https:\/\/carbideprovider.com\/wp-content\/uploads\/2025\/08\/N8-High-Precision-Cylindrical-Grinder.jpg\" class=\"attachment-large size-large wp-image-2985\" alt=\"N8 High Precision Cylindrical Grinder\" srcset=\"https:\/\/carbideprovider.com\/wp-content\/uploads\/2025\/08\/N8-High-Precision-Cylindrical-Grinder.jpg 345w, https:\/\/carbideprovider.com\/wp-content\/uploads\/2025\/08\/N8-High-Precision-Cylindrical-Grinder-268x300.jpg 268w, https:\/\/carbideprovider.com\/wp-content\/uploads\/2025\/08\/N8-High-Precision-Cylindrical-Grinder-11x12.jpg 11w\" sizes=\"(max-width: 345px) 100vw, 345px\" \/>\t\t\t\t\t\t\t\t\t\t\t\t\t\t\t<\/div>\n\t\t\t\t<\/div>\n\t\t\t\t<div class=\"elementor-element elementor-element-d701103 elementor-widget elementor-widget-text-editor\" data-id=\"d701103\" data-element_type=\"widget\" data-e-type=\"widget\" data-widget_type=\"text-editor.default\">\n\t\t\t\t<div class=\"elementor-widget-container\">\n\t\t\t\t\t\t\t\t\t<p><strong>Fonctionnalit\u00e9<\/strong><\/p><ul><li>Allemagne Syst\u00e8me de commande Beckhoff<\/li><li>Canada DHMI Interface homme-machine<\/li><li>Accessoires de pr\u00e9cision import\u00e9s (THK\/NSK\/FAG\/Renishaw)\u00a0<\/li><li>Position frontale, fonction de d\u00e9tection de contact\/non-contact<\/li><li>Fonction de dressage en ligne de la meule fine<\/li><li>La fonction de compensation automatique permet d'assurer la pr\u00e9cision de l'appareil m\u00eame en cas d'absence prolong\u00e9e.<\/li><li>Logiciel informatique sup\u00e9rieur d\u00e9velopp\u00e9 par l'entreprise elle-m\u00eame, permettant de choisir parmi une grande vari\u00e9t\u00e9 de m\u00e9thodes de traitement<\/li><li>Le manipulateur \u00e0 3 axes int\u00e9gr\u00e9 peut r\u00e9aliser un chargement et un d\u00e9chargement automatiques au cours du processus d'usinage.<\/li><\/ul>\t\t\t\t\t\t\t\t<\/div>\n\t\t\t\t<\/div>\n\t\t\t\t<div class=\"elementor-element elementor-element-5fb7ec3 elementor-widget elementor-widget-image\" data-id=\"5fb7ec3\" data-element_type=\"widget\" data-e-type=\"widget\" data-widget_type=\"image.default\">\n\t\t\t\t<div class=\"elementor-widget-container\">\n\t\t\t\t\t\t\t\t\t\t\t\t\t\t\t<img decoding=\"async\" width=\"249\" height=\"441\" src=\"https:\/\/carbideprovider.com\/wp-content\/uploads\/2025\/08\/N8-High-Precision-Cylindrical-Grinder-1.jpg\" class=\"attachment-large size-large wp-image-2987\" alt=\"\" srcset=\"https:\/\/carbideprovider.com\/wp-content\/uploads\/2025\/08\/N8-High-Precision-Cylindrical-Grinder-1.jpg 249w, https:\/\/carbideprovider.com\/wp-content\/uploads\/2025\/08\/N8-High-Precision-Cylindrical-Grinder-1-169x300.jpg 169w, https:\/\/carbideprovider.com\/wp-content\/uploads\/2025\/08\/N8-High-Precision-Cylindrical-Grinder-1-7x12.jpg 7w\" sizes=\"(max-width: 249px) 100vw, 249px\" \/>\t\t\t\t\t\t\t\t\t\t\t\t\t\t\t<\/div>\n\t\t\t\t<\/div>\n\t\t\t\t<div class=\"elementor-element elementor-element-fe75260 elementor-widget elementor-widget-text-editor\" data-id=\"fe75260\" data-element_type=\"widget\" data-e-type=\"widget\" data-widget_type=\"text-editor.default\">\n\t\t\t\t<div class=\"elementor-widget-container\">\n\t\t\t\t\t\t\t\t\t<p><strong>Application<\/strong><\/p><p>Cet \u00e9quipement est le meilleur choix pour les clients haut de gamme qui souhaitent produire des outils avec une pr\u00e9cision d'aff\u00fbtage de 0,1um !<\/p>\t\t\t\t\t\t\t\t<\/div>\n\t\t\t\t<\/div>\n\t\t\t\t<div class=\"elementor-element elementor-element-9ef7fcd elementor-widget elementor-widget-image\" data-id=\"9ef7fcd\" data-element_type=\"widget\" data-e-type=\"widget\" data-widget_type=\"image.default\">\n\t\t\t\t<div class=\"elementor-widget-container\">\n\t\t\t\t\t\t\t\t\t\t\t\t\t\t\t<img decoding=\"async\" width=\"794\" height=\"579\" src=\"https:\/\/carbideprovider.com\/wp-content\/uploads\/2025\/08\/N8-High-Precision-Cylindrical-Grinder-2.jpg\" class=\"attachment-large size-large wp-image-2988\" alt=\"\" srcset=\"https:\/\/carbideprovider.com\/wp-content\/uploads\/2025\/08\/N8-High-Precision-Cylindrical-Grinder-2.jpg 794w, https:\/\/carbideprovider.com\/wp-content\/uploads\/2025\/08\/N8-High-Precision-Cylindrical-Grinder-2-300x219.jpg 300w, https:\/\/carbideprovider.com\/wp-content\/uploads\/2025\/08\/N8-High-Precision-Cylindrical-Grinder-2-768x560.jpg 768w, https:\/\/carbideprovider.com\/wp-content\/uploads\/2025\/08\/N8-High-Precision-Cylindrical-Grinder-2-16x12.jpg 16w\" sizes=\"(max-width: 794px) 100vw, 794px\" \/>\t\t\t\t\t\t\t\t\t\t\t\t\t\t\t<\/div>\n\t\t\t\t<\/div>\n\t\t\t\t<div class=\"elementor-element elementor-element-0bcd998 elementor-widget elementor-widget-text-editor\" data-id=\"0bcd998\" data-element_type=\"widget\" data-e-type=\"widget\" data-widget_type=\"text-editor.default\">\n\t\t\t\t<div class=\"elementor-widget-container\">\n\t\t\t\t\t\t\t\t\t<p><strong>Param\u00e8tres techniques<\/strong><\/p>\t\t\t\t\t\t\t\t<\/div>\n\t\t\t\t<\/div>\n\t\t\t\t<div class=\"elementor-element elementor-element-5b21f29 elementor-widget elementor-widget-image\" data-id=\"5b21f29\" data-element_type=\"widget\" data-e-type=\"widget\" data-widget_type=\"image.default\">\n\t\t\t\t<div class=\"elementor-widget-container\">\n\t\t\t\t\t\t\t\t\t\t\t\t\t\t\t<img loading=\"lazy\" decoding=\"async\" width=\"618\" height=\"682\" src=\"https:\/\/carbideprovider.com\/wp-content\/uploads\/2025\/08\/N8-High-Precision-Cylindrical-Grinder-4.png\" class=\"attachment-large size-large wp-image-2989\" alt=\"\" srcset=\"https:\/\/carbideprovider.com\/wp-content\/uploads\/2025\/08\/N8-High-Precision-Cylindrical-Grinder-4.png 618w, https:\/\/carbideprovider.com\/wp-content\/uploads\/2025\/08\/N8-High-Precision-Cylindrical-Grinder-4-272x300.png 272w, https:\/\/carbideprovider.com\/wp-content\/uploads\/2025\/08\/N8-High-Precision-Cylindrical-Grinder-4-11x12.png 11w\" sizes=\"(max-width: 618px) 100vw, 618px\" \/>\t\t\t\t\t\t\t\t\t\t\t\t\t\t\t<\/div>\n\t\t\t\t<\/div>\n\t\t\t\t<div class=\"elementor-element elementor-element-c1b2954 elementor-widget elementor-widget-image\" data-id=\"c1b2954\" data-element_type=\"widget\" data-e-type=\"widget\" data-widget_type=\"image.default\">\n\t\t\t\t<div class=\"elementor-widget-container\">\n\t\t\t\t\t\t\t\t\t\t\t\t\t\t\t<img loading=\"lazy\" decoding=\"async\" width=\"377\" height=\"587\" src=\"https:\/\/carbideprovider.com\/wp-content\/uploads\/2025\/08\/N8-High-Precision-Cylindrical-Grinder-5.jpg\" class=\"attachment-large size-large wp-image-2990\" alt=\"\" srcset=\"https:\/\/carbideprovider.com\/wp-content\/uploads\/2025\/08\/N8-High-Precision-Cylindrical-Grinder-5.jpg 377w, https:\/\/carbideprovider.com\/wp-content\/uploads\/2025\/08\/N8-High-Precision-Cylindrical-Grinder-5-193x300.jpg 193w, https:\/\/carbideprovider.com\/wp-content\/uploads\/2025\/08\/N8-High-Precision-Cylindrical-Grinder-5-8x12.jpg 8w\" sizes=\"(max-width: 377px) 100vw, 377px\" \/>\t\t\t\t\t\t\t\t\t\t\t\t\t\t\t<\/div>\n\t\t\t\t<\/div>\n\t\t\t\t\t<\/div>\n\t\t\t\t<\/div>\n\t\t\t\t<\/div>","protected":false},"excerpt":{"rendered":"<p>N8 High Precision Cylindrical Grinder Machine tool core structure &amp; Machining principle N8 is designed for lateral feed grinding. The workpiece is pushed into the cemented\u00a0 carbide\u201cV\u201d block in the Y-axis direction, and the rough grinding wheel and the fine grinding wheel are simultaneously ground (x and v axes) . Rough grinding wheel ensures high [&hellip;]<\/p>\n","protected":false},"author":2,"featured_media":0,"parent":0,"menu_order":0,"comment_status":"closed","ping_status":"closed","template":"","meta":{"footnotes":""},"class_list":["post-2983","page","type-page","status-publish","hentry"],"blocksy_meta":[],"_links":{"self":[{"href":"https:\/\/carbideprovider.com\/fr\/wp-json\/wp\/v2\/pages\/2983","targetHints":{"allow":["GET"]}}],"collection":[{"href":"https:\/\/carbideprovider.com\/fr\/wp-json\/wp\/v2\/pages"}],"about":[{"href":"https:\/\/carbideprovider.com\/fr\/wp-json\/wp\/v2\/types\/page"}],"author":[{"embeddable":true,"href":"https:\/\/carbideprovider.com\/fr\/wp-json\/wp\/v2\/users\/2"}],"replies":[{"embeddable":true,"href":"https:\/\/carbideprovider.com\/fr\/wp-json\/wp\/v2\/comments?post=2983"}],"version-history":[{"count":4,"href":"https:\/\/carbideprovider.com\/fr\/wp-json\/wp\/v2\/pages\/2983\/revisions"}],"predecessor-version":[{"id":2993,"href":"https:\/\/carbideprovider.com\/fr\/wp-json\/wp\/v2\/pages\/2983\/revisions\/2993"}],"wp:attachment":[{"href":"https:\/\/carbideprovider.com\/fr\/wp-json\/wp\/v2\/media?parent=2983"}],"curies":[{"name":"wp","href":"https:\/\/api.w.org\/{rel}","templated":true}]}}