{"id":2953,"date":"2025-08-07T07:11:00","date_gmt":"2025-08-07T07:11:00","guid":{"rendered":"https:\/\/carbideprovider.com\/?page_id=2953"},"modified":"2025-08-07T09:28:49","modified_gmt":"2025-08-07T09:28:49","slug":"robot-for-press-machine","status":"publish","type":"page","link":"https:\/\/carbideprovider.com\/fr\/robot-for-press-machine\/","title":{"rendered":"Robot pour machine de presse"},"content":{"rendered":"<div data-elementor-type=\"wp-page\" data-elementor-id=\"2953\" class=\"elementor elementor-2953\" data-elementor-post-type=\"page\">\n\t\t\t\t<div data-particle_enable=\"false\" data-particle-mobile-disabled=\"false\" class=\"elementor-element elementor-element-34d974e e-flex e-con-boxed e-con e-parent\" data-id=\"34d974e\" data-element_type=\"container\" data-e-type=\"container\" data-settings=\"{&quot;background_background&quot;:&quot;classic&quot;}\">\n\t\t\t\t\t<div class=\"e-con-inner\">\n\t\t\t\t<div class=\"elementor-element elementor-element-60a0463 elementor-widget elementor-widget-spacer\" data-id=\"60a0463\" data-element_type=\"widget\" data-e-type=\"widget\" data-widget_type=\"spacer.default\">\n\t\t\t\t<div class=\"elementor-widget-container\">\n\t\t\t\t\t\t\t<div class=\"elementor-spacer\">\n\t\t\t<div class=\"elementor-spacer-inner\"><\/div>\n\t\t<\/div>\n\t\t\t\t\t\t<\/div>\n\t\t\t\t<\/div>\n\t\t\t\t\t<\/div>\n\t\t\t\t<\/div>\n\t\t<div data-particle_enable=\"false\" data-particle-mobile-disabled=\"false\" class=\"elementor-element elementor-element-c35e55d e-flex e-con-boxed e-con e-parent\" data-id=\"c35e55d\" data-element_type=\"container\" data-e-type=\"container\" data-settings=\"{&quot;background_background&quot;:&quot;classic&quot;}\">\n\t\t\t\t\t<div class=\"e-con-inner\">\n\t\t\t\t<div class=\"elementor-element elementor-element-96ec3d3 elementor-widget elementor-widget-heading\" data-id=\"96ec3d3\" data-element_type=\"widget\" data-e-type=\"widget\" data-widget_type=\"heading.default\">\n\t\t\t\t<div class=\"elementor-widget-container\">\n\t\t\t\t\t<h2 class=\"elementor-heading-title elementor-size-default\">Robot pour machine de presse<\/h2>\t\t\t\t<\/div>\n\t\t\t\t<\/div>\n\t\t\t\t<div class=\"elementor-element elementor-element-e4ec3d6 elementor-widget elementor-widget-image\" data-id=\"e4ec3d6\" data-element_type=\"widget\" data-e-type=\"widget\" data-widget_type=\"image.default\">\n\t\t\t\t<div class=\"elementor-widget-container\">\n\t\t\t\t\t\t\t\t\t\t\t\t\t\t\t<img fetchpriority=\"high\" decoding=\"async\" width=\"265\" height=\"416\" src=\"https:\/\/carbideprovider.com\/wp-content\/uploads\/2025\/08\/Robot-for-press-machine.png\" class=\"attachment-large size-large wp-image-2955\" alt=\"Robot for press machine\" srcset=\"https:\/\/carbideprovider.com\/wp-content\/uploads\/2025\/08\/Robot-for-press-machine.png 265w, https:\/\/carbideprovider.com\/wp-content\/uploads\/2025\/08\/Robot-for-press-machine-191x300.png 191w, https:\/\/carbideprovider.com\/wp-content\/uploads\/2025\/08\/Robot-for-press-machine-8x12.png 8w\" sizes=\"(max-width: 265px) 100vw, 265px\" \/>\t\t\t\t\t\t\t\t\t\t\t\t\t\t\t<\/div>\n\t\t\t\t<\/div>\n\t\t\t\t<div class=\"elementor-element elementor-element-d701103 elementor-widget elementor-widget-text-editor\" data-id=\"d701103\" data-element_type=\"widget\" data-e-type=\"widget\" data-widget_type=\"text-editor.default\">\n\t\t\t\t<div class=\"elementor-widget-container\">\n\t\t\t\t\t\t\t\t\t<p>Le robot est utilis\u00e9 dans le processus de pressage de la production d'inserts, r\u00e9alisant l'automatisation du processus de pr\u00e9l\u00e8vement, d'\u00e9bavurage, de pesage et de placement r\u00e9gulier des inserts. Il peut effectuer le travail de mani\u00e8re efficace et stable, conform\u00e9ment aux exigences du client.<\/p>\t\t\t\t\t\t\t\t<\/div>\n\t\t\t\t<\/div>\n\t\t\t\t<div class=\"elementor-element elementor-element-f961880 elementor-widget elementor-widget-heading\" data-id=\"f961880\" data-element_type=\"widget\" data-e-type=\"widget\" data-widget_type=\"heading.default\">\n\t\t\t\t<div class=\"elementor-widget-container\">\n\t\t\t\t\t<h4 class=\"elementor-heading-title elementor-size-default\">Disposition du module de mouvement\uff1a<\/h4>\t\t\t\t<\/div>\n\t\t\t\t<\/div>\n\t\t\t\t<div class=\"elementor-element elementor-element-5fb7ec3 elementor-widget elementor-widget-image\" data-id=\"5fb7ec3\" data-element_type=\"widget\" data-e-type=\"widget\" data-widget_type=\"image.default\">\n\t\t\t\t<div class=\"elementor-widget-container\">\n\t\t\t\t\t\t\t\t\t\t\t\t\t\t\t<img decoding=\"async\" width=\"205\" height=\"227\" src=\"https:\/\/carbideprovider.com\/wp-content\/uploads\/2025\/08\/robot-for-press-machine-china-manufacturer.png\" class=\"attachment-large size-large wp-image-2957\" alt=\"robot for press machine china manufacturer\" srcset=\"https:\/\/carbideprovider.com\/wp-content\/uploads\/2025\/08\/robot-for-press-machine-china-manufacturer.png 205w, https:\/\/carbideprovider.com\/wp-content\/uploads\/2025\/08\/robot-for-press-machine-china-manufacturer-11x12.png 11w\" sizes=\"(max-width: 205px) 100vw, 205px\" \/>\t\t\t\t\t\t\t\t\t\t\t\t\t\t\t<\/div>\n\t\t\t\t<\/div>\n\t\t\t\t<div class=\"elementor-element elementor-element-fe75260 elementor-widget elementor-widget-text-editor\" data-id=\"fe75260\" data-element_type=\"widget\" data-e-type=\"widget\" data-widget_type=\"text-editor.default\">\n\t\t\t\t<div class=\"elementor-widget-container\">\n\t\t\t\t\t\t\t\t\t<p>\u00a0La trajectoire de mouvement de chaque partie fonctionnelle est soigneusement planifi\u00e9e et la structure du module est raisonnablement arrang\u00e9e, de sorte que l'agencement global r\u00e9ponde aux exigences les plus \u00e9lev\u00e9es en mati\u00e8re d'efficacit\u00e9 et de stabilit\u00e9.\u00a0\u00a0\u00a0<\/p><p>\u00a0Le cadre tr\u00e8s rigide du robot et le contrepoids en marbre sont utilis\u00e9s pour assurer la stabilit\u00e9 du robot pendant les mouvements \u00e0 grande vitesse.<\/p><p><strong>Bras de pr\u00e9hension<\/strong><\/p>\t\t\t\t\t\t\t\t<\/div>\n\t\t\t\t<\/div>\n\t\t\t\t<div class=\"elementor-element elementor-element-9ef7fcd elementor-widget elementor-widget-image\" data-id=\"9ef7fcd\" data-element_type=\"widget\" data-e-type=\"widget\" data-widget_type=\"image.default\">\n\t\t\t\t<div class=\"elementor-widget-container\">\n\t\t\t\t\t\t\t\t\t\t\t\t\t\t\t<img decoding=\"async\" width=\"442\" height=\"442\" src=\"https:\/\/carbideprovider.com\/wp-content\/uploads\/2025\/08\/robot-press-machine-china-supplier1.png\" class=\"attachment-large size-large wp-image-2958\" alt=\"\" srcset=\"https:\/\/carbideprovider.com\/wp-content\/uploads\/2025\/08\/robot-press-machine-china-supplier1.png 442w, https:\/\/carbideprovider.com\/wp-content\/uploads\/2025\/08\/robot-press-machine-china-supplier1-300x300.png 300w, https:\/\/carbideprovider.com\/wp-content\/uploads\/2025\/08\/robot-press-machine-china-supplier1-150x150.png 150w, https:\/\/carbideprovider.com\/wp-content\/uploads\/2025\/08\/robot-press-machine-china-supplier1-12x12.png 12w\" sizes=\"(max-width: 442px) 100vw, 442px\" \/>\t\t\t\t\t\t\t\t\t\t\t\t\t\t\t<\/div>\n\t\t\t\t<\/div>\n\t\t\t\t<div class=\"elementor-element elementor-element-0bcd998 elementor-widget elementor-widget-text-editor\" data-id=\"0bcd998\" data-element_type=\"widget\" data-e-type=\"widget\" data-widget_type=\"text-editor.default\">\n\t\t\t\t<div class=\"elementor-widget-container\">\n\t\t\t\t\t\t\t\t\t<p>\u00a0Le m\u00e9canisme de changement rapide permet de passer facilement de l'outil de pr\u00e9l\u00e8vement du mat\u00e9riau \u00e0 l'outil de nettoyage, ce qui am\u00e9liore la stabilit\u00e9 de la production d'inserts.<\/p><p>\u00a0Adopter un syst\u00e8me d'outillage \u00e0 changement rapide pour changer rapidement d'effecteur robotique.<\/p><p>\u00a0Le moteur pas \u00e0 pas est s\u00e9lectionn\u00e9 pour r\u00e9aliser la rotation et le changement d'angle de l'insert.<\/p><p>\u00a0Types d'outils : M\u00e2choire de serrage SMC, support de trou int\u00e9rieur, aspiration SMC, brosse pour l'\u00e9limination des r\u00e9sidus de poudre collante sur le moule, etc.<\/p><p><strong>Nettoyage des poin\u00e7ons<\/strong><\/p><p>\u00a0Nettoyez le poin\u00e7on de la presse de diff\u00e9rentes mani\u00e8res afin de vous assurer que la presse est toujours en bon \u00e9tat de fonctionnement.<\/p><p>\u00a0Lorsque le robot remplit toutes les fonctions, la vitesse de production maximale du pressage d'inserts peut atteindre 10 pi\u00e8ces\/minute au minimum.<\/p><p><strong>\u00c9bavurage<\/strong><\/p>\t\t\t\t\t\t\t\t<\/div>\n\t\t\t\t<\/div>\n\t\t\t\t<div class=\"elementor-element elementor-element-5b21f29 elementor-widget elementor-widget-image\" data-id=\"5b21f29\" data-element_type=\"widget\" data-e-type=\"widget\" data-widget_type=\"image.default\">\n\t\t\t\t<div class=\"elementor-widget-container\">\n\t\t\t\t\t\t\t\t\t\t\t\t\t\t\t<img loading=\"lazy\" decoding=\"async\" width=\"644\" height=\"518\" src=\"https:\/\/carbideprovider.com\/wp-content\/uploads\/2025\/08\/robot-for-press-machine-to-carbide.png\" class=\"attachment-large size-large wp-image-2959\" alt=\"\" srcset=\"https:\/\/carbideprovider.com\/wp-content\/uploads\/2025\/08\/robot-for-press-machine-to-carbide.png 644w, https:\/\/carbideprovider.com\/wp-content\/uploads\/2025\/08\/robot-for-press-machine-to-carbide-300x241.png 300w, https:\/\/carbideprovider.com\/wp-content\/uploads\/2025\/08\/robot-for-press-machine-to-carbide-15x12.png 15w\" sizes=\"(max-width: 644px) 100vw, 644px\" \/>\t\t\t\t\t\t\t\t\t\t\t\t\t\t\t<\/div>\n\t\t\t\t<\/div>\n\t\t\t\t<div class=\"elementor-element elementor-element-5236fae elementor-widget elementor-widget-text-editor\" data-id=\"5236fae\" data-element_type=\"widget\" data-e-type=\"widget\" data-widget_type=\"text-editor.default\">\n\t\t\t\t<div class=\"elementor-widget-container\">\n\t\t\t\t\t\t\t\t\t<p>\u00a0La brosse nettoie les bavures au fond de l'insert.<\/p><p>Nettoyez les bavures \u00e0 l'aide du jet d'air situ\u00e9 en haut de la plaquette.<\/p><p>\u00a0Unit\u00e9 de r\u00e9cup\u00e9ration des poussi\u00e8res<\/p><p><strong>Balance \/ Pes\u00e9e<\/strong><\/p><p>\u00a0La balance \u00e9lectronique ultra-pr\u00e9cise du Japon AND ou Ohaus est adopt\u00e9e, avec une pr\u00e9cision de +\/-0,001g. Le poids de chaque insert peut \u00eatre contr\u00f4l\u00e9 avec pr\u00e9cision et les produits dont le poids n'est pas qualifi\u00e9 peuvent \u00eatre retir\u00e9s en fonction des r\u00e9sultats de la mesure, tandis que les donn\u00e9es sont transmises \u00e0 la presse. La presse peut ajuster les param\u00e8tres de pressage en temps r\u00e9el pour am\u00e9liorer la stabilit\u00e9 de la production.<\/p><p>\u00a0La double balance est optionnelle pour am\u00e9liorer l'efficacit\u00e9 de la production.<\/p>\t\t\t\t\t\t\t\t<\/div>\n\t\t\t\t<\/div>\n\t\t\t\t<div class=\"elementor-element elementor-element-388dc9b elementor-widget elementor-widget-image\" data-id=\"388dc9b\" data-element_type=\"widget\" data-e-type=\"widget\" data-widget_type=\"image.default\">\n\t\t\t\t<div class=\"elementor-widget-container\">\n\t\t\t\t\t\t\t\t\t\t\t\t\t\t\t<img loading=\"lazy\" decoding=\"async\" width=\"231\" height=\"271\" src=\"https:\/\/carbideprovider.com\/wp-content\/uploads\/2025\/08\/robot-for-press-machine-china-supplier-2.jpg\" class=\"attachment-large size-large wp-image-2960\" alt=\"\" srcset=\"https:\/\/carbideprovider.com\/wp-content\/uploads\/2025\/08\/robot-for-press-machine-china-supplier-2.jpg 231w, https:\/\/carbideprovider.com\/wp-content\/uploads\/2025\/08\/robot-for-press-machine-china-supplier-2-10x12.jpg 10w\" sizes=\"(max-width: 231px) 100vw, 231px\" \/>\t\t\t\t\t\t\t\t\t\t\t\t\t\t\t<\/div>\n\t\t\t\t<\/div>\n\t\t\t\t<div class=\"elementor-element elementor-element-fdf23ee elementor-widget elementor-widget-text-editor\" data-id=\"fdf23ee\" data-element_type=\"widget\" data-e-type=\"widget\" data-widget_type=\"text-editor.default\">\n\t\t\t\t<div class=\"elementor-widget-container\">\n\t\t\t\t\t\t\t\t\t<p><strong>Ins\u00e9rer le convoyeur d'\u00e9chantillons<\/strong><\/p>\t\t\t\t\t\t\t\t<\/div>\n\t\t\t\t<\/div>\n\t\t\t\t<div class=\"elementor-element elementor-element-12a7b3d elementor-widget elementor-widget-image\" data-id=\"12a7b3d\" data-element_type=\"widget\" data-e-type=\"widget\" data-widget_type=\"image.default\">\n\t\t\t\t<div class=\"elementor-widget-container\">\n\t\t\t\t\t\t\t\t\t\t\t\t\t\t\t<img loading=\"lazy\" decoding=\"async\" width=\"907\" height=\"625\" src=\"https:\/\/carbideprovider.com\/wp-content\/uploads\/2025\/08\/robot-for-press-machine-china-factory.jpg\" class=\"attachment-large size-large wp-image-2961\" alt=\"robot for press machine china factory\" srcset=\"https:\/\/carbideprovider.com\/wp-content\/uploads\/2025\/08\/robot-for-press-machine-china-factory.jpg 907w, https:\/\/carbideprovider.com\/wp-content\/uploads\/2025\/08\/robot-for-press-machine-china-factory-300x207.jpg 300w, https:\/\/carbideprovider.com\/wp-content\/uploads\/2025\/08\/robot-for-press-machine-china-factory-768x529.jpg 768w, https:\/\/carbideprovider.com\/wp-content\/uploads\/2025\/08\/robot-for-press-machine-china-factory-18x12.jpg 18w\" sizes=\"(max-width: 907px) 100vw, 907px\" \/>\t\t\t\t\t\t\t\t\t\t\t\t\t\t\t<\/div>\n\t\t\t\t<\/div>\n\t\t\t\t<div class=\"elementor-element elementor-element-4bfe0a9 elementor-widget elementor-widget-text-editor\" data-id=\"4bfe0a9\" data-element_type=\"widget\" data-e-type=\"widget\" data-widget_type=\"text-editor.default\">\n\t\t\t\t<div class=\"elementor-widget-container\">\n\t\t\t\t\t\t\t\t\t<p>Utiliser un convoyeur \u00e0 bande plate pour transporter les inserts d'\u00e9chantillonnage.<\/p><p><strong>Plateau de frittage<\/strong><\/p>\t\t\t\t\t\t\t\t<\/div>\n\t\t\t\t<\/div>\n\t\t\t\t<div class=\"elementor-element elementor-element-e277bc7 elementor-widget elementor-widget-image\" data-id=\"e277bc7\" data-element_type=\"widget\" data-e-type=\"widget\" data-widget_type=\"image.default\">\n\t\t\t\t<div class=\"elementor-widget-container\">\n\t\t\t\t\t\t\t\t\t\t\t\t\t\t\t<img loading=\"lazy\" decoding=\"async\" width=\"252\" height=\"454\" src=\"https:\/\/carbideprovider.com\/wp-content\/uploads\/2025\/08\/robot-for-press-machine-china-factory-5.jpg\" class=\"attachment-large size-large wp-image-2962\" alt=\"robot for press machine china factory 5\" srcset=\"https:\/\/carbideprovider.com\/wp-content\/uploads\/2025\/08\/robot-for-press-machine-china-factory-5.jpg 252w, https:\/\/carbideprovider.com\/wp-content\/uploads\/2025\/08\/robot-for-press-machine-china-factory-5-167x300.jpg 167w, https:\/\/carbideprovider.com\/wp-content\/uploads\/2025\/08\/robot-for-press-machine-china-factory-5-7x12.jpg 7w\" sizes=\"(max-width: 252px) 100vw, 252px\" \/>\t\t\t\t\t\t\t\t\t\t\t\t\t\t\t<\/div>\n\t\t\t\t<\/div>\n\t\t\t\t<div class=\"elementor-element elementor-element-3189009 elementor-widget elementor-widget-text-editor\" data-id=\"3189009\" data-element_type=\"widget\" data-e-type=\"widget\" data-widget_type=\"text-editor.default\">\n\t\t\t\t<div class=\"elementor-widget-container\">\n\t\t\t\t\t\t\t\t\t<p>Le convoyeur \u00e0 couche unique peut r\u00e9pondre aux exigences de la production de masse sans personnel.<\/p><p>\u00a0Il est \u00e9quip\u00e9 de 8 \u00e0 10 magasins \u00e0 plateaux, ce qui permet de r\u00e9pondre aux exigences de la production sans personnel dans le cadre d'une production \u00e0 grande \u00e9chelle.<\/p><p><strong>Bateau de transport de graphite<\/strong><\/p>\t\t\t\t\t\t\t\t<\/div>\n\t\t\t\t<\/div>\n\t\t\t\t<div class=\"elementor-element elementor-element-e1dad9e elementor-widget elementor-widget-image\" data-id=\"e1dad9e\" data-element_type=\"widget\" data-e-type=\"widget\" data-widget_type=\"image.default\">\n\t\t\t\t<div class=\"elementor-widget-container\">\n\t\t\t\t\t\t\t\t\t\t\t\t\t\t\t<img loading=\"lazy\" decoding=\"async\" width=\"607\" height=\"391\" src=\"https:\/\/carbideprovider.com\/wp-content\/uploads\/2025\/08\/robot-for-press-machine-to-china-supplier-3.jpg\" class=\"attachment-large size-large wp-image-2963\" alt=\"robot for press machine to china supplier 3\" srcset=\"https:\/\/carbideprovider.com\/wp-content\/uploads\/2025\/08\/robot-for-press-machine-to-china-supplier-3.jpg 607w, https:\/\/carbideprovider.com\/wp-content\/uploads\/2025\/08\/robot-for-press-machine-to-china-supplier-3-300x193.jpg 300w, https:\/\/carbideprovider.com\/wp-content\/uploads\/2025\/08\/robot-for-press-machine-to-china-supplier-3-18x12.jpg 18w\" sizes=\"(max-width: 607px) 100vw, 607px\" \/>\t\t\t\t\t\t\t\t\t\t\t\t\t\t\t<\/div>\n\t\t\t\t<\/div>\n\t\t\t\t<div class=\"elementor-element elementor-element-d2c2db9 elementor-widget elementor-widget-text-editor\" data-id=\"d2c2db9\" data-element_type=\"widget\" data-e-type=\"widget\" data-widget_type=\"text-editor.default\">\n\t\t\t\t<div class=\"elementor-widget-container\">\n\t\t\t\t\t\t\t\t\t<p>L'adoption de modules \u00e0 grande vitesse et \u00e0 haute pr\u00e9cision permet de r\u00e9aliser avec pr\u00e9cision le placement s\u00e9quentiel des inserts et l'empilage des bateaux en graphite.<\/p><p>Le bateau de graphite est achemin\u00e9 vers la position d'empilage par un convoyeur \u00e0 bande plate.<\/p><p>\u00a0Adopte un cylindre pneumatique pour le positionnement du centrage du bateau en graphite.<\/p><p>Le module est entra\u00een\u00e9 par un servomoteur et le bateau de graphite est transport\u00e9 par un convoyeur \u00e0 bande entra\u00een\u00e9 par un moteur pas \u00e0 pas.<\/p><p><strong>Facilit\u00e9 d'utilisation<\/strong><\/p>\t\t\t\t\t\t\t\t<\/div>\n\t\t\t\t<\/div>\n\t\t\t\t<div class=\"elementor-element elementor-element-8dfdac1 elementor-widget elementor-widget-image\" data-id=\"8dfdac1\" data-element_type=\"widget\" data-e-type=\"widget\" data-widget_type=\"image.default\">\n\t\t\t\t<div class=\"elementor-widget-container\">\n\t\t\t\t\t\t\t\t\t\t\t\t\t\t\t<img loading=\"lazy\" decoding=\"async\" width=\"500\" height=\"375\" src=\"https:\/\/carbideprovider.com\/wp-content\/uploads\/2025\/08\/china-supplier.png\" class=\"attachment-large size-large wp-image-2965\" alt=\"china supplier\" srcset=\"https:\/\/carbideprovider.com\/wp-content\/uploads\/2025\/08\/china-supplier.png 500w, https:\/\/carbideprovider.com\/wp-content\/uploads\/2025\/08\/china-supplier-300x225.png 300w, https:\/\/carbideprovider.com\/wp-content\/uploads\/2025\/08\/china-supplier-16x12.png 16w\" sizes=\"(max-width: 500px) 100vw, 500px\" \/>\t\t\t\t\t\t\t\t\t\t\t\t\t\t\t<\/div>\n\t\t\t\t<\/div>\n\t\t\t\t<div class=\"elementor-element elementor-element-a9e6766 elementor-widget elementor-widget-text-editor\" data-id=\"a9e6766\" data-element_type=\"widget\" data-e-type=\"widget\" data-widget_type=\"text-editor.default\">\n\t\t\t\t<div class=\"elementor-widget-container\">\n\t\t\t\t\t\t\t\t\t<p>Mise \u00e0 jour des donn\u00e9es de placement en temps r\u00e9el, le remplissage en couleur (rouge) des inserts qui ont \u00e9t\u00e9 plac\u00e9s peut \u00eatre effectu\u00e9 dans le syst\u00e8me informatique en fonction de l'avancement r\u00e9el du placement, simulant ainsi le placement sur site.<\/p>\t\t\t\t\t\t\t\t<\/div>\n\t\t\t\t<\/div>\n\t\t\t\t<div class=\"elementor-element elementor-element-0ca90dd elementor-widget elementor-widget-image\" data-id=\"0ca90dd\" data-element_type=\"widget\" data-e-type=\"widget\" data-widget_type=\"image.default\">\n\t\t\t\t<div class=\"elementor-widget-container\">\n\t\t\t\t\t\t\t\t\t\t\t\t\t\t\t<img loading=\"lazy\" decoding=\"async\" width=\"380\" height=\"265\" src=\"https:\/\/carbideprovider.com\/wp-content\/uploads\/2025\/08\/2323.png\" class=\"attachment-large size-large wp-image-2968\" alt=\"\" srcset=\"https:\/\/carbideprovider.com\/wp-content\/uploads\/2025\/08\/2323.png 380w, https:\/\/carbideprovider.com\/wp-content\/uploads\/2025\/08\/2323-300x209.png 300w, https:\/\/carbideprovider.com\/wp-content\/uploads\/2025\/08\/2323-18x12.png 18w\" sizes=\"(max-width: 380px) 100vw, 380px\" \/>\t\t\t\t\t\t\t\t\t\t\t\t\t\t\t<\/div>\n\t\t\t\t<\/div>\n\t\t\t\t<div class=\"elementor-element elementor-element-30e3ada elementor-widget elementor-widget-text-editor\" data-id=\"30e3ada\" data-element_type=\"widget\" data-e-type=\"widget\" data-widget_type=\"text-editor.default\">\n\t\t\t\t<div class=\"elementor-widget-container\">\n\t\t\t\t\t\t\t\t\t<p>\u00a0Les param\u00e8tres de placement des types d'inserts les plus courants peuvent \u00eatre configur\u00e9s et simul\u00e9s. Les param\u00e8tres finaux peuvent \u00eatre sauvegard\u00e9s pour \u00eatre facilement invoqu\u00e9s lors de la production d'inserts similaires la prochaine fois.<\/p><p>La zone du bateau en graphite qui n'a pas besoin d'\u00eatre plac\u00e9e avec des inserts peut \u00eatre divis\u00e9e pour \u00eatre utilis\u00e9e dans des exp\u00e9riences de test.<\/p>\t\t\t\t\t\t\t\t<\/div>\n\t\t\t\t<\/div>\n\t\t\t\t<div class=\"elementor-element elementor-element-6f5a98f elementor-widget elementor-widget-image\" data-id=\"6f5a98f\" data-element_type=\"widget\" data-e-type=\"widget\" data-widget_type=\"image.default\">\n\t\t\t\t<div class=\"elementor-widget-container\">\n\t\t\t\t\t\t\t\t\t\t\t\t\t\t\t<img loading=\"lazy\" decoding=\"async\" width=\"210\" height=\"227\" src=\"https:\/\/carbideprovider.com\/wp-content\/uploads\/2025\/08\/robot-for-press-machine-to-carbide-11.png\" class=\"attachment-large size-large wp-image-2972\" alt=\"robot for press machine to carbide 11\" srcset=\"https:\/\/carbideprovider.com\/wp-content\/uploads\/2025\/08\/robot-for-press-machine-to-carbide-11.png 210w, https:\/\/carbideprovider.com\/wp-content\/uploads\/2025\/08\/robot-for-press-machine-to-carbide-11-11x12.png 11w\" sizes=\"(max-width: 210px) 100vw, 210px\" \/>\t\t\t\t\t\t\t\t\t\t\t\t\t\t\t<\/div>\n\t\t\t\t<\/div>\n\t\t\t\t<div class=\"elementor-element elementor-element-7a80176 elementor-widget elementor-widget-text-editor\" data-id=\"7a80176\" data-element_type=\"widget\" data-e-type=\"widget\" data-widget_type=\"text-editor.default\">\n\t\t\t\t<div class=\"elementor-widget-container\">\n\t\t\t\t\t\t\t\t\t<p>\u00a0R\u00e9ajustement des coordonn\u00e9es : lorsqu'il est n\u00e9cessaire de r\u00e9ajuster les coordonn\u00e9es, il suffit de s\u00e9lectionner le bouton correspondant et d'arr\u00eater le fonctionnement lorsque le robot se d\u00e9place vers la nouvelle position. \u00c0 ce moment-l\u00e0, le pendentif d'apprentissage peut effectuer le r\u00e9glage fin du mouvement du robot et les valeurs de coordonn\u00e9es requises peuvent \u00eatre sauvegard\u00e9es.<\/p><p><strong>Application<\/strong><\/p>\t\t\t\t\t\t\t\t<\/div>\n\t\t\t\t<\/div>\n\t\t\t\t<div class=\"elementor-element elementor-element-8abaa47 elementor-widget elementor-widget-image\" data-id=\"8abaa47\" data-element_type=\"widget\" data-e-type=\"widget\" data-widget_type=\"image.default\">\n\t\t\t\t<div class=\"elementor-widget-container\">\n\t\t\t\t\t\t\t\t\t\t\t\t\t\t\t<img loading=\"lazy\" decoding=\"async\" width=\"395\" height=\"341\" src=\"https:\/\/carbideprovider.com\/wp-content\/uploads\/2025\/08\/Robot-for-press-machine-china-supplier.png\" class=\"attachment-large size-large wp-image-2973\" alt=\"\" srcset=\"https:\/\/carbideprovider.com\/wp-content\/uploads\/2025\/08\/Robot-for-press-machine-china-supplier.png 395w, https:\/\/carbideprovider.com\/wp-content\/uploads\/2025\/08\/Robot-for-press-machine-china-supplier-300x259.png 300w, https:\/\/carbideprovider.com\/wp-content\/uploads\/2025\/08\/Robot-for-press-machine-china-supplier-14x12.png 14w\" sizes=\"(max-width: 395px) 100vw, 395px\" \/>\t\t\t\t\t\t\t\t\t\t\t\t\t\t\t<\/div>\n\t\t\t\t<\/div>\n\t\t\t\t<div class=\"elementor-element elementor-element-ce81e73 elementor-widget elementor-widget-text-editor\" data-id=\"ce81e73\" data-element_type=\"widget\" data-e-type=\"widget\" data-widget_type=\"text-editor.default\">\n\t\t\t\t<div class=\"elementor-widget-container\">\n\t\t\t\t\t\t\t\t\t<p>\u00a0Le robot TRUER est enti\u00e8rement compatible avec la machine de presse suivante !<\/p>\t\t\t\t\t\t\t\t<\/div>\n\t\t\t\t<\/div>\n\t\t\t\t<div class=\"elementor-element elementor-element-6c6f530 elementor-widget elementor-widget-image\" data-id=\"6c6f530\" data-element_type=\"widget\" data-e-type=\"widget\" data-widget_type=\"image.default\">\n\t\t\t\t<div class=\"elementor-widget-container\">\n\t\t\t\t\t\t\t\t\t\t\t\t\t\t\t<img loading=\"lazy\" decoding=\"async\" width=\"365\" height=\"227\" src=\"https:\/\/carbideprovider.com\/wp-content\/uploads\/2025\/08\/china-supplier-factory.png\" class=\"attachment-large size-large wp-image-2975\" alt=\"\" srcset=\"https:\/\/carbideprovider.com\/wp-content\/uploads\/2025\/08\/china-supplier-factory.png 365w, https:\/\/carbideprovider.com\/wp-content\/uploads\/2025\/08\/china-supplier-factory-300x187.png 300w, https:\/\/carbideprovider.com\/wp-content\/uploads\/2025\/08\/china-supplier-factory-18x12.png 18w\" sizes=\"(max-width: 365px) 100vw, 365px\" \/>\t\t\t\t\t\t\t\t\t\t\t\t\t\t\t<\/div>\n\t\t\t\t<\/div>\n\t\t\t\t\t<\/div>\n\t\t\t\t<\/div>\n\t\t\t\t<\/div>","protected":false},"excerpt":{"rendered":"<p>Robot for press machine The robot is used in pressing process of insert production, realizing the automation of insert picking, deburring, weighing and regular placement process. It can complete the work efficiently and stably according to customer requirements. Motion module layout\uff1a \u00a0The motion trajectory of each functional part is carefully planned, and the module structure [&hellip;]<\/p>\n","protected":false},"author":2,"featured_media":0,"parent":0,"menu_order":0,"comment_status":"closed","ping_status":"closed","template":"","meta":{"footnotes":""},"class_list":["post-2953","page","type-page","status-publish","hentry"],"blocksy_meta":[],"_links":{"self":[{"href":"https:\/\/carbideprovider.com\/fr\/wp-json\/wp\/v2\/pages\/2953","targetHints":{"allow":["GET"]}}],"collection":[{"href":"https:\/\/carbideprovider.com\/fr\/wp-json\/wp\/v2\/pages"}],"about":[{"href":"https:\/\/carbideprovider.com\/fr\/wp-json\/wp\/v2\/types\/page"}],"author":[{"embeddable":true,"href":"https:\/\/carbideprovider.com\/fr\/wp-json\/wp\/v2\/users\/2"}],"replies":[{"embeddable":true,"href":"https:\/\/carbideprovider.com\/fr\/wp-json\/wp\/v2\/comments?post=2953"}],"version-history":[{"count":7,"href":"https:\/\/carbideprovider.com\/fr\/wp-json\/wp\/v2\/pages\/2953\/revisions"}],"predecessor-version":[{"id":2978,"href":"https:\/\/carbideprovider.com\/fr\/wp-json\/wp\/v2\/pages\/2953\/revisions\/2978"}],"wp:attachment":[{"href":"https:\/\/carbideprovider.com\/fr\/wp-json\/wp\/v2\/media?parent=2953"}],"curies":[{"name":"wp","href":"https:\/\/api.w.org\/{rel}","templated":true}]}}