{"id":2938,"date":"2025-08-07T03:20:31","date_gmt":"2025-08-07T03:20:31","guid":{"rendered":"https:\/\/carbideprovider.com\/?page_id=2938"},"modified":"2025-08-07T06:05:27","modified_gmt":"2025-08-07T06:05:27","slug":"automatic-stringing-machine-for-pvd","status":"publish","type":"page","link":"https:\/\/carbideprovider.com\/fr\/automatic-stringing-machine-for-pvd\/","title":{"rendered":"Machine \u00e0 enfiler automatique pour PVD"},"content":{"rendered":"<div data-elementor-type=\"wp-page\" data-elementor-id=\"2938\" class=\"elementor elementor-2938\" data-elementor-post-type=\"page\">\n\t\t\t\t<div data-particle_enable=\"false\" data-particle-mobile-disabled=\"false\" class=\"elementor-element elementor-element-34d974e e-flex e-con-boxed e-con e-parent\" data-id=\"34d974e\" data-element_type=\"container\" data-e-type=\"container\" data-settings=\"{&quot;background_background&quot;:&quot;classic&quot;}\">\n\t\t\t\t\t<div class=\"e-con-inner\">\n\t\t\t\t<div class=\"elementor-element elementor-element-60a0463 elementor-widget elementor-widget-spacer\" data-id=\"60a0463\" data-element_type=\"widget\" data-e-type=\"widget\" data-widget_type=\"spacer.default\">\n\t\t\t\t<div class=\"elementor-widget-container\">\n\t\t\t\t\t\t\t<div class=\"elementor-spacer\">\n\t\t\t<div class=\"elementor-spacer-inner\"><\/div>\n\t\t<\/div>\n\t\t\t\t\t\t<\/div>\n\t\t\t\t<\/div>\n\t\t\t\t\t<\/div>\n\t\t\t\t<\/div>\n\t\t<div data-particle_enable=\"false\" data-particle-mobile-disabled=\"false\" class=\"elementor-element elementor-element-c35e55d e-flex e-con-boxed e-con e-parent\" data-id=\"c35e55d\" data-element_type=\"container\" data-e-type=\"container\" data-settings=\"{&quot;background_background&quot;:&quot;classic&quot;}\">\n\t\t\t\t\t<div class=\"e-con-inner\">\n\t\t\t\t<div class=\"elementor-element elementor-element-96ec3d3 elementor-widget elementor-widget-heading\" data-id=\"96ec3d3\" data-element_type=\"widget\" data-e-type=\"widget\" data-widget_type=\"heading.default\">\n\t\t\t\t<div class=\"elementor-widget-container\">\n\t\t\t\t\t<h2 class=\"elementor-heading-title elementor-size-default\">Machine \u00e0 enfiler automatique pour PVD<\/h2>\t\t\t\t<\/div>\n\t\t\t\t<\/div>\n\t\t\t\t<div class=\"elementor-element elementor-element-e4ec3d6 elementor-widget elementor-widget-image\" data-id=\"e4ec3d6\" data-element_type=\"widget\" data-e-type=\"widget\" data-widget_type=\"image.default\">\n\t\t\t\t<div class=\"elementor-widget-container\">\n\t\t\t\t\t\t\t\t\t\t\t\t\t\t\t<img fetchpriority=\"high\" decoding=\"async\" width=\"1024\" height=\"768\" src=\"https:\/\/carbideprovider.com\/wp-content\/uploads\/2025\/08\/A3-1024x768.jpg\" class=\"attachment-large size-large wp-image-2942\" alt=\"auto stringing machine\" srcset=\"https:\/\/carbideprovider.com\/wp-content\/uploads\/2025\/08\/A3-1024x768.jpg 1024w, https:\/\/carbideprovider.com\/wp-content\/uploads\/2025\/08\/A3-300x225.jpg 300w, https:\/\/carbideprovider.com\/wp-content\/uploads\/2025\/08\/A3-768x576.jpg 768w, https:\/\/carbideprovider.com\/wp-content\/uploads\/2025\/08\/A3-16x12.jpg 16w, https:\/\/carbideprovider.com\/wp-content\/uploads\/2025\/08\/A3.jpg 1029w\" sizes=\"(max-width: 1024px) 100vw, 1024px\" \/>\t\t\t\t\t\t\t\t\t\t\t\t\t\t\t<\/div>\n\t\t\t\t<\/div>\n\t\t\t\t<div class=\"elementor-element elementor-element-d701103 elementor-widget elementor-widget-text-editor\" data-id=\"d701103\" data-element_type=\"widget\" data-e-type=\"widget\" data-widget_type=\"text-editor.default\">\n\t\t\t\t<div class=\"elementor-widget-container\">\n\t\t\t\t\t\t\t\t\t<p>La machine automatique \u00e0 cordes est un dispositif hautement automatis\u00e9, con\u00e7u sp\u00e9cifiquement pour l'industrie de la fabrication de plaquettes en carbure. Elle permet l'assemblage enti\u00e8rement automatis\u00e9 de plaquettes et de billes.<\/p><p>En int\u00e9grant des technologies avanc\u00e9es telles que l'inspection visuelle, la pr\u00e9hension pr\u00e9cise, le tournage automatique et le chargement par vibration, cette machine am\u00e9liore consid\u00e9rablement l'efficacit\u00e9 de la production et l'homog\u00e9n\u00e9it\u00e9 de la qualit\u00e9 des produits.<\/p><p>Sa conception modulaire permet des changements rapides et s'adapte \u00e0 divers inserts et cordons. Son fonctionnement stable et sa facilit\u00e9 d'utilisation en font une alternative id\u00e9ale aux op\u00e9rations manuelles traditionnelles.<\/p>\t\t\t\t\t\t\t\t<\/div>\n\t\t\t\t<\/div>\n\t\t\t\t<div class=\"elementor-element elementor-element-f961880 elementor-widget elementor-widget-heading\" data-id=\"f961880\" data-element_type=\"widget\" data-e-type=\"widget\" data-widget_type=\"heading.default\">\n\t\t\t\t<div class=\"elementor-widget-container\">\n\t\t\t\t\t<h4 class=\"elementor-heading-title elementor-size-default\">Application :<\/h4>\t\t\t\t<\/div>\n\t\t\t\t<\/div>\n\t\t\t\t<div class=\"elementor-element elementor-element-fe75260 elementor-widget elementor-widget-text-editor\" data-id=\"fe75260\" data-element_type=\"widget\" data-e-type=\"widget\" data-widget_type=\"text-editor.default\">\n\t\t\t\t<div class=\"elementor-widget-container\">\n\t\t\t\t\t\t\t\t\t<strong>Dimension : <\/strong><br>\nLes dimensions des inserts et des plateaux doivent se situer dans la plage de tol\u00e9rance, et les dimensions sp\u00e9cifiques sont soumises aux exigences techniques fournies par le client.<br>\n\nInsertion avec trou : diam\u00e8tre du trou : \u03a63.2mm ~ \u03a66.0 mm applicable<br>\n\nTaille du plateau : 384\u571f0,5mm X 282\u58eb0,5mm X 14\u571f0,5mm, grille 96\/204\/408<br>\n\nTige : longueur de 300 \u00e0 560 mm, diam\u00e8tre de 3 \u00e0 5 mm (courbure&lt;1 mm).<br><br>\n\n<strong>Types :<\/strong>\t\t\t\t\t\t\t\t<\/div>\n\t\t\t\t<\/div>\n\t\t\t\t<div class=\"elementor-element elementor-element-9ef7fcd elementor-widget elementor-widget-image\" data-id=\"9ef7fcd\" data-element_type=\"widget\" data-e-type=\"widget\" data-widget_type=\"image.default\">\n\t\t\t\t<div class=\"elementor-widget-container\">\n\t\t\t\t\t\t\t\t\t\t\t\t\t\t\t<img decoding=\"async\" width=\"924\" height=\"305\" src=\"https:\/\/carbideprovider.com\/wp-content\/uploads\/2025\/08\/string-bead.jpg\" class=\"attachment-large size-large wp-image-2943\" alt=\"string bead\" srcset=\"https:\/\/carbideprovider.com\/wp-content\/uploads\/2025\/08\/string-bead.jpg 924w, https:\/\/carbideprovider.com\/wp-content\/uploads\/2025\/08\/string-bead-300x99.jpg 300w, https:\/\/carbideprovider.com\/wp-content\/uploads\/2025\/08\/string-bead-768x254.jpg 768w, https:\/\/carbideprovider.com\/wp-content\/uploads\/2025\/08\/string-bead-18x6.jpg 18w\" sizes=\"(max-width: 924px) 100vw, 924px\" \/>\t\t\t\t\t\t\t\t\t\t\t\t\t\t\t<\/div>\n\t\t\t\t<\/div>\n\t\t\t\t<div class=\"elementor-element elementor-element-0bcd998 elementor-widget elementor-widget-text-editor\" data-id=\"0bcd998\" data-element_type=\"widget\" data-e-type=\"widget\" data-widget_type=\"text-editor.default\">\n\t\t\t\t<div class=\"elementor-widget-container\">\n\t\t\t\t\t\t\t\t\t<p><strong>Poids de l'insert :<\/strong><\/p><p>1-30g, en fonction des exigences techniques fournies par le client.<\/p>\t\t\t\t\t\t\t\t<\/div>\n\t\t\t\t<\/div>\n\t\t\t\t<div class=\"elementor-element elementor-element-5b21f29 elementor-widget elementor-widget-image\" data-id=\"5b21f29\" data-element_type=\"widget\" data-e-type=\"widget\" data-widget_type=\"image.default\">\n\t\t\t\t<div class=\"elementor-widget-container\">\n\t\t\t\t\t\t\t\t\t\t\t\t\t\t\t<img decoding=\"async\" width=\"313\" height=\"370\" src=\"https:\/\/carbideprovider.com\/wp-content\/uploads\/2025\/08\/stringing-machine.png\" class=\"attachment-large size-large wp-image-2944\" alt=\"stringing machine\" srcset=\"https:\/\/carbideprovider.com\/wp-content\/uploads\/2025\/08\/stringing-machine.png 313w, https:\/\/carbideprovider.com\/wp-content\/uploads\/2025\/08\/stringing-machine-254x300.png 254w, https:\/\/carbideprovider.com\/wp-content\/uploads\/2025\/08\/stringing-machine-10x12.png 10w\" sizes=\"(max-width: 313px) 100vw, 313px\" \/>\t\t\t\t\t\t\t\t\t\t\t\t\t\t\t<\/div>\n\t\t\t\t<\/div>\n\t\t\t\t<div class=\"elementor-element elementor-element-5236fae elementor-widget elementor-widget-text-editor\" data-id=\"5236fae\" data-element_type=\"widget\" data-e-type=\"widget\" data-widget_type=\"text-editor.default\">\n\t\t\t\t<div class=\"elementor-widget-container\">\n\t\t\t\t\t\t\t\t\t<strong>Principaux composants de l'\u00e9quipement :<\/strong>\n<ul>\n \t<li>Unit\u00e9 de chargement et de d\u00e9chargement du plateau d'insertion<\/li>\n \t<li>Unit\u00e9 d'inspection visuelle de l'insert<\/li>\n \t<li>Unit\u00e9 robotis\u00e9e de pr\u00e9hension et de transport d'un insert<\/li>\n \t<li>Unit\u00e9 de tournage de l'insert<\/li>\n \t<li>Unit\u00e9 de charge vibratoire de la perle de corde<\/li>\n \t<li>\u00a0Unit\u00e9 robotis\u00e9e d'enfilage de perles et de tiges d'insertion<\/li>\n \t<li>\u00a0Unit\u00e9 d'\u00e9chantillonnage de la tige d'enfilage<\/li>\n<\/ul>\n\n\n<strong>Param\u00e8tres cl\u00e9s :<\/strong><br><br>\n\n<strong>\u00a0<\/strong>\n\n<strong>Productivit\u00e9 :<\/strong><br>\n\nEfficacit\u00e9 de l'enfilage : 18~25 pcs\/min. (moyenne)\n<br><br>\n\n<strong>Pr\u00e9cision : <\/strong><br>\n\nPr\u00e9cision de pr\u00e9hension &gt;99%\t\t\t\t\t\t\t\t<\/div>\n\t\t\t\t<\/div>\n\t\t\t\t<div class=\"elementor-element elementor-element-388dc9b elementor-widget elementor-widget-image\" data-id=\"388dc9b\" data-element_type=\"widget\" data-e-type=\"widget\" data-widget_type=\"image.default\">\n\t\t\t\t<div class=\"elementor-widget-container\">\n\t\t\t\t\t\t\t\t\t\t\t\t\t\t\t<img loading=\"lazy\" decoding=\"async\" width=\"681\" height=\"678\" src=\"https:\/\/carbideprovider.com\/wp-content\/uploads\/2025\/08\/automatic-stringing-machine-china-supplier.jpg\" class=\"attachment-large size-large wp-image-2945\" alt=\"automatic stringing machine china supplier\" srcset=\"https:\/\/carbideprovider.com\/wp-content\/uploads\/2025\/08\/automatic-stringing-machine-china-supplier.jpg 681w, https:\/\/carbideprovider.com\/wp-content\/uploads\/2025\/08\/automatic-stringing-machine-china-supplier-300x300.jpg 300w, https:\/\/carbideprovider.com\/wp-content\/uploads\/2025\/08\/automatic-stringing-machine-china-supplier-150x150.jpg 150w, https:\/\/carbideprovider.com\/wp-content\/uploads\/2025\/08\/automatic-stringing-machine-china-supplier-12x12.jpg 12w\" sizes=\"(max-width: 681px) 100vw, 681px\" \/>\t\t\t\t\t\t\t\t\t\t\t\t\t\t\t<\/div>\n\t\t\t\t<\/div>\n\t\t\t\t\t<\/div>\n\t\t\t\t<\/div>\n\t\t\t\t<\/div>","protected":false},"excerpt":{"rendered":"<p>Automatic stringing machine for PVD The automatic string machine is a highly automated device, designed specifically for the carbide insert manufacturing industry. It performs fully automated string assembly of inserts and beads. By integrating advanced technologies such as visual inspection, precise gripping, automatic turning, and vibration loading, this machine significantly improves production efficiency and product [&hellip;]<\/p>\n","protected":false},"author":2,"featured_media":0,"parent":0,"menu_order":0,"comment_status":"closed","ping_status":"closed","template":"","meta":{"footnotes":""},"class_list":["post-2938","page","type-page","status-publish","hentry"],"blocksy_meta":[],"_links":{"self":[{"href":"https:\/\/carbideprovider.com\/fr\/wp-json\/wp\/v2\/pages\/2938","targetHints":{"allow":["GET"]}}],"collection":[{"href":"https:\/\/carbideprovider.com\/fr\/wp-json\/wp\/v2\/pages"}],"about":[{"href":"https:\/\/carbideprovider.com\/fr\/wp-json\/wp\/v2\/types\/page"}],"author":[{"embeddable":true,"href":"https:\/\/carbideprovider.com\/fr\/wp-json\/wp\/v2\/users\/2"}],"replies":[{"embeddable":true,"href":"https:\/\/carbideprovider.com\/fr\/wp-json\/wp\/v2\/comments?post=2938"}],"version-history":[{"count":4,"href":"https:\/\/carbideprovider.com\/fr\/wp-json\/wp\/v2\/pages\/2938\/revisions"}],"predecessor-version":[{"id":2948,"href":"https:\/\/carbideprovider.com\/fr\/wp-json\/wp\/v2\/pages\/2938\/revisions\/2948"}],"wp:attachment":[{"href":"https:\/\/carbideprovider.com\/fr\/wp-json\/wp\/v2\/media?parent=2938"}],"curies":[{"name":"wp","href":"https:\/\/api.w.org\/{rel}","templated":true}]}}