{"id":2918,"date":"2025-08-06T06:55:22","date_gmt":"2025-08-06T06:55:22","guid":{"rendered":"https:\/\/carbideprovider.com\/?page_id=2918"},"modified":"2025-08-07T09:31:16","modified_gmt":"2025-08-07T09:31:16","slug":"sintering-assembly-machine","status":"publish","type":"page","link":"https:\/\/carbideprovider.com\/fr\/sintering-assembly-machine\/","title":{"rendered":"Machine d'assemblage par frittage"},"content":{"rendered":"<div data-elementor-type=\"wp-page\" data-elementor-id=\"2918\" class=\"elementor elementor-2918\" data-elementor-post-type=\"page\">\n\t\t\t\t<div data-particle_enable=\"false\" data-particle-mobile-disabled=\"false\" class=\"elementor-element elementor-element-34d974e e-flex e-con-boxed e-con e-parent\" data-id=\"34d974e\" data-element_type=\"container\" data-e-type=\"container\" data-settings=\"{&quot;background_background&quot;:&quot;classic&quot;}\">\n\t\t\t\t\t<div class=\"e-con-inner\">\n\t\t\t\t<div class=\"elementor-element elementor-element-60a0463 elementor-widget elementor-widget-spacer\" data-id=\"60a0463\" data-element_type=\"widget\" data-e-type=\"widget\" data-widget_type=\"spacer.default\">\n\t\t\t\t<div class=\"elementor-widget-container\">\n\t\t\t\t\t\t\t<div class=\"elementor-spacer\">\n\t\t\t<div class=\"elementor-spacer-inner\"><\/div>\n\t\t<\/div>\n\t\t\t\t\t\t<\/div>\n\t\t\t\t<\/div>\n\t\t\t\t\t<\/div>\n\t\t\t\t<\/div>\n\t\t<div data-particle_enable=\"false\" data-particle-mobile-disabled=\"false\" class=\"elementor-element elementor-element-c35e55d e-flex e-con-boxed e-con e-parent\" data-id=\"c35e55d\" data-element_type=\"container\" data-e-type=\"container\" data-settings=\"{&quot;background_background&quot;:&quot;classic&quot;}\">\n\t\t\t\t\t<div class=\"e-con-inner\">\n\t\t\t\t<div class=\"elementor-element elementor-element-96ec3d3 elementor-widget elementor-widget-heading\" data-id=\"96ec3d3\" data-element_type=\"widget\" data-e-type=\"widget\" data-widget_type=\"heading.default\">\n\t\t\t\t<div class=\"elementor-widget-container\">\n\t\t\t\t\t<h2 class=\"elementor-heading-title elementor-size-default\">Machine d'assemblage par frittage<\/h2>\t\t\t\t<\/div>\n\t\t\t\t<\/div>\n\t\t\t\t<div class=\"elementor-element elementor-element-e4ec3d6 elementor-widget elementor-widget-image\" data-id=\"e4ec3d6\" data-element_type=\"widget\" data-e-type=\"widget\" data-widget_type=\"image.default\">\n\t\t\t\t<div class=\"elementor-widget-container\">\n\t\t\t\t\t\t\t\t\t\t\t\t\t\t\t<img fetchpriority=\"high\" decoding=\"async\" width=\"1024\" height=\"769\" src=\"https:\/\/carbideprovider.com\/wp-content\/uploads\/2025\/08\/A1-1024x769.jpg\" class=\"attachment-large size-large wp-image-2920\" alt=\"Sintering Assembly Machine\" srcset=\"https:\/\/carbideprovider.com\/wp-content\/uploads\/2025\/08\/A1-1024x769.jpg 1024w, https:\/\/carbideprovider.com\/wp-content\/uploads\/2025\/08\/A1-300x225.jpg 300w, https:\/\/carbideprovider.com\/wp-content\/uploads\/2025\/08\/A1-768x577.jpg 768w, https:\/\/carbideprovider.com\/wp-content\/uploads\/2025\/08\/A1-16x12.jpg 16w, https:\/\/carbideprovider.com\/wp-content\/uploads\/2025\/08\/A1.jpg 1055w\" sizes=\"(max-width: 1024px) 100vw, 1024px\" \/>\t\t\t\t\t\t\t\t\t\t\t\t\t\t\t<\/div>\n\t\t\t\t<\/div>\n\t\t\t\t<div class=\"elementor-element elementor-element-d701103 elementor-widget elementor-widget-text-editor\" data-id=\"d701103\" data-element_type=\"widget\" data-e-type=\"widget\" data-widget_type=\"text-editor.default\">\n\t\t\t\t<div class=\"elementor-widget-container\">\n\t\t\t\t\t\t\t\t\t<p>La machine d'assemblage par frittage des plaquettes en carbure est un \u00e9quipement automatis\u00e9 con\u00e7u pour le processus de frittage. Elle est utilis\u00e9e pour disposer et placer les plaquettes avant le frittage.<\/p><p>L'\u00e9quipement int\u00e8gre toutes les fonctions de transmission, de positionnement, de contr\u00f4le pneumatique et d'autres technologies pour parvenir \u00e0 une automatisation compl\u00e8te du chargement des plateaux de mat\u00e9riaux, de la saisie des lames, du positionnement pr\u00e9cis et de la mise en place, am\u00e9liorant ainsi l'efficacit\u00e9 et l'uniformit\u00e9 de la production.<\/p>\t\t\t\t\t\t\t\t<\/div>\n\t\t\t\t<\/div>\n\t\t\t\t<div class=\"elementor-element elementor-element-f961880 elementor-widget elementor-widget-heading\" data-id=\"f961880\" data-element_type=\"widget\" data-e-type=\"widget\" data-widget_type=\"heading.default\">\n\t\t\t\t<div class=\"elementor-widget-container\">\n\t\t\t\t\t<h4 class=\"elementor-heading-title elementor-size-default\">Application :<\/h4>\t\t\t\t<\/div>\n\t\t\t\t<\/div>\n\t\t\t\t<div class=\"elementor-element elementor-element-fe75260 elementor-widget elementor-widget-text-editor\" data-id=\"fe75260\" data-element_type=\"widget\" data-e-type=\"widget\" data-widget_type=\"text-editor.default\">\n\t\t\t\t<div class=\"elementor-widget-container\">\n\t\t\t\t\t\t\t\t\t<p><strong>Insert en carbure : <\/strong><br \/>Les dimensions de l'insert doivent se situer dans la plage de tol\u00e9rance, et les dimensions sp\u00e9cifiques doivent \u00eatre bas\u00e9es sur les exigences techniques fournies par le client.<\/p><p><strong>Poids de l'insert :<\/strong><br \/>1-30g, en fonction des exigences techniques fournies par le client.<\/p><p><strong>Ins\u00e9rer la dimension :<\/strong><br \/>Trou : \u03a62.5mm ~ \u03c66.0 mm<br \/>Taille du plateau : 384\u571f0,5mm X 282\u58eb0,5mm X 14\u571f0,5mm, grille 96\/204\/408<\/p><p><strong>Plateaux :<\/strong><br \/>Les plateaux sans colonnes ou les plateaux avec colonnes. Si les plateaux avec colonnes sont applicables, les exigences sont les suivantes :<\/p><p><strong>Taille du disque en graphite : <\/strong><br \/>500X350, 500X300.<\/p><p><strong>Pince :<br \/><\/strong>\u00c9quip\u00e9 selon diff\u00e9rentes sp\u00e9cifications d'inserts.<\/p>\t\t\t\t\t\t\t\t<\/div>\n\t\t\t\t<\/div>\n\t\t\t\t<div class=\"elementor-element elementor-element-9ef7fcd elementor-widget elementor-widget-image\" data-id=\"9ef7fcd\" data-element_type=\"widget\" data-e-type=\"widget\" data-widget_type=\"image.default\">\n\t\t\t\t<div class=\"elementor-widget-container\">\n\t\t\t\t\t\t\t\t\t\t\t\t\t\t\t<img decoding=\"async\" width=\"340\" height=\"288\" src=\"https:\/\/carbideprovider.com\/wp-content\/uploads\/2025\/08\/sintering-assembly-machine-china-supplier.png\" class=\"attachment-large size-large wp-image-2921\" alt=\"\" srcset=\"https:\/\/carbideprovider.com\/wp-content\/uploads\/2025\/08\/sintering-assembly-machine-china-supplier.png 340w, https:\/\/carbideprovider.com\/wp-content\/uploads\/2025\/08\/sintering-assembly-machine-china-supplier-300x254.png 300w, https:\/\/carbideprovider.com\/wp-content\/uploads\/2025\/08\/sintering-assembly-machine-china-supplier-14x12.png 14w\" sizes=\"(max-width: 340px) 100vw, 340px\" \/>\t\t\t\t\t\t\t\t\t\t\t\t\t\t\t<\/div>\n\t\t\t\t<\/div>\n\t\t\t\t<div class=\"elementor-element elementor-element-3616b6c elementor-widget elementor-widget-heading\" data-id=\"3616b6c\" data-element_type=\"widget\" data-e-type=\"widget\" data-widget_type=\"heading.default\">\n\t\t\t\t<div class=\"elementor-widget-container\">\n\t\t\t\t\t<h4 class=\"elementor-heading-title elementor-size-default\">Param\u00e8tres techniques\uff1a<\/h4>\t\t\t\t<\/div>\n\t\t\t\t<\/div>\n\t\t\t\t<div class=\"elementor-element elementor-element-0bcd998 elementor-widget elementor-widget-text-editor\" data-id=\"0bcd998\" data-element_type=\"widget\" data-e-type=\"widget\" data-widget_type=\"text-editor.default\">\n\t\t\t\t<div class=\"elementor-widget-container\">\n\t\t\t\t\t\t\t\t\t<p><strong>Principaux composants de l'\u00e9quipement :<\/strong><\/p><ul><li>Chariot mobile universel pour plateaux<\/li><li>Unit\u00e9 universelle de transport de plateaux<\/li><li>Dispositif universel de r\u00e9cup\u00e9ration des plateaux<\/li><li>Unit\u00e9 d'alignement \u00e0 double t\u00eate \u00e0 grande vitesse<\/li><li>Unit\u00e9 de positionnement<\/li><li>Syst\u00e8me de vision<\/li><li>Syst\u00e8me pneumatique<\/li><li>Syst\u00e8me de contr\u00f4le<\/li><\/ul><p><strong>Param\u00e8tres cl\u00e9s :<\/strong><br \/><br \/><strong>Productivit\u00e9 :<\/strong><\/p><ul><li>Grille 408 : pas moins de 3300~3600 pcs\/heure<\/li><li>Grille 204 : pas moins de 3200~3400 pcs\/heure<\/li><li>Grille 96 : pas moins de 3000~3200 pcs\/heure<\/li><\/ul><p><strong>Pr\u00e9cision : <\/strong><\/p><ul><li>99% (le jeu unilat\u00e9ral entre la colonne et le trou int\u00e9rieur de l'insert est d'au moins 0,5 mm)<\/li><\/ul>\t\t\t\t\t\t\t\t<\/div>\n\t\t\t\t<\/div>\n\t\t\t\t<div class=\"elementor-element elementor-element-5b21f29 elementor-widget elementor-widget-image\" data-id=\"5b21f29\" data-element_type=\"widget\" data-e-type=\"widget\" data-widget_type=\"image.default\">\n\t\t\t\t<div class=\"elementor-widget-container\">\n\t\t\t\t\t\t\t\t\t\t\t\t\t\t\t<img decoding=\"async\" width=\"455\" height=\"317\" src=\"https:\/\/carbideprovider.com\/wp-content\/uploads\/2025\/08\/sintering-assembly-machine-china-manufacturer.png\" class=\"attachment-large size-large wp-image-2922\" alt=\"sintering assembly machine china manufacturer\" srcset=\"https:\/\/carbideprovider.com\/wp-content\/uploads\/2025\/08\/sintering-assembly-machine-china-manufacturer.png 455w, https:\/\/carbideprovider.com\/wp-content\/uploads\/2025\/08\/sintering-assembly-machine-china-manufacturer-300x209.png 300w, https:\/\/carbideprovider.com\/wp-content\/uploads\/2025\/08\/sintering-assembly-machine-china-manufacturer-18x12.png 18w\" sizes=\"(max-width: 455px) 100vw, 455px\" \/>\t\t\t\t\t\t\t\t\t\t\t\t\t\t\t<\/div>\n\t\t\t\t<\/div>\n\t\t\t\t\t<\/div>\n\t\t\t\t<\/div>\n\t\t\t\t<\/div>","protected":false},"excerpt":{"rendered":"<p>Sintering Assembly Machine The sintering assembly machine of carbide insert is an automated equipment designed for sintering process. It is used for arranging and placing inserts before sintering. The equipment integrates all functions of transmission, positioning, pneumatic control and other technologies to achieve full automation of the material tray loading, blade grabbing, precise positioning and [&hellip;]<\/p>\n","protected":false},"author":2,"featured_media":0,"parent":0,"menu_order":0,"comment_status":"closed","ping_status":"closed","template":"","meta":{"footnotes":""},"class_list":["post-2918","page","type-page","status-publish","hentry"],"blocksy_meta":[],"_links":{"self":[{"href":"https:\/\/carbideprovider.com\/fr\/wp-json\/wp\/v2\/pages\/2918","targetHints":{"allow":["GET"]}}],"collection":[{"href":"https:\/\/carbideprovider.com\/fr\/wp-json\/wp\/v2\/pages"}],"about":[{"href":"https:\/\/carbideprovider.com\/fr\/wp-json\/wp\/v2\/types\/page"}],"author":[{"embeddable":true,"href":"https:\/\/carbideprovider.com\/fr\/wp-json\/wp\/v2\/users\/2"}],"replies":[{"embeddable":true,"href":"https:\/\/carbideprovider.com\/fr\/wp-json\/wp\/v2\/comments?post=2918"}],"version-history":[{"count":7,"href":"https:\/\/carbideprovider.com\/fr\/wp-json\/wp\/v2\/pages\/2918\/revisions"}],"predecessor-version":[{"id":2982,"href":"https:\/\/carbideprovider.com\/fr\/wp-json\/wp\/v2\/pages\/2918\/revisions\/2982"}],"wp:attachment":[{"href":"https:\/\/carbideprovider.com\/fr\/wp-json\/wp\/v2\/media?parent=2918"}],"curies":[{"name":"wp","href":"https:\/\/api.w.org\/{rel}","templated":true}]}}