{"id":2896,"date":"2025-07-24T02:48:08","date_gmt":"2025-07-24T02:48:08","guid":{"rendered":"https:\/\/carbideprovider.com\/?page_id=2896"},"modified":"2025-07-24T03:20:29","modified_gmt":"2025-07-24T03:20:29","slug":"carbide-sandblasting-machine","status":"publish","type":"page","link":"https:\/\/carbideprovider.com\/fr\/carbide-sandblasting-machine\/","title":{"rendered":"Machine de sablage au carbure"},"content":{"rendered":"<div data-elementor-type=\"wp-page\" data-elementor-id=\"2896\" class=\"elementor elementor-2896\" data-elementor-post-type=\"page\">\n\t\t\t\t<div data-particle_enable=\"false\" data-particle-mobile-disabled=\"false\" class=\"elementor-element elementor-element-34d974e e-flex e-con-boxed e-con e-parent\" data-id=\"34d974e\" data-element_type=\"container\" data-e-type=\"container\" data-settings=\"{&quot;background_background&quot;:&quot;classic&quot;}\">\n\t\t\t\t\t<div class=\"e-con-inner\">\n\t\t\t\t<div class=\"elementor-element elementor-element-60a0463 elementor-widget elementor-widget-spacer\" data-id=\"60a0463\" data-element_type=\"widget\" data-e-type=\"widget\" data-widget_type=\"spacer.default\">\n\t\t\t\t<div class=\"elementor-widget-container\">\n\t\t\t\t\t\t\t<div class=\"elementor-spacer\">\n\t\t\t<div class=\"elementor-spacer-inner\"><\/div>\n\t\t<\/div>\n\t\t\t\t\t\t<\/div>\n\t\t\t\t<\/div>\n\t\t\t\t\t<\/div>\n\t\t\t\t<\/div>\n\t\t<div data-particle_enable=\"false\" data-particle-mobile-disabled=\"false\" class=\"elementor-element elementor-element-c35e55d e-flex e-con-boxed e-con e-parent\" data-id=\"c35e55d\" data-element_type=\"container\" data-e-type=\"container\" data-settings=\"{&quot;background_background&quot;:&quot;classic&quot;}\">\n\t\t\t\t\t<div class=\"e-con-inner\">\n\t\t\t\t<div class=\"elementor-element elementor-element-96ec3d3 elementor-widget elementor-widget-heading\" data-id=\"96ec3d3\" data-element_type=\"widget\" data-e-type=\"widget\" data-widget_type=\"heading.default\">\n\t\t\t\t<div class=\"elementor-widget-container\">\n\t\t\t\t\t<h2 class=\"elementor-heading-title elementor-size-default\">Machine de sablage au carbure<\/h2>\t\t\t\t<\/div>\n\t\t\t\t<\/div>\n\t\t\t\t<div class=\"elementor-element elementor-element-e4ec3d6 elementor-widget elementor-widget-image\" data-id=\"e4ec3d6\" data-element_type=\"widget\" data-e-type=\"widget\" data-widget_type=\"image.default\">\n\t\t\t\t<div class=\"elementor-widget-container\">\n\t\t\t\t\t\t\t\t\t\t\t\t\t\t\t<img fetchpriority=\"high\" decoding=\"async\" width=\"768\" height=\"462\" src=\"https:\/\/carbideprovider.com\/wp-content\/uploads\/2025\/07\/carbide-sandblasting-machine.png\" class=\"attachment-large size-large wp-image-2898\" alt=\"carbide sandblasting machine\" srcset=\"https:\/\/carbideprovider.com\/wp-content\/uploads\/2025\/07\/carbide-sandblasting-machine.png 768w, https:\/\/carbideprovider.com\/wp-content\/uploads\/2025\/07\/carbide-sandblasting-machine-300x180.png 300w, https:\/\/carbideprovider.com\/wp-content\/uploads\/2025\/07\/carbide-sandblasting-machine-18x12.png 18w\" sizes=\"(max-width: 768px) 100vw, 768px\" \/>\t\t\t\t\t\t\t\t\t\t\t\t\t\t\t<\/div>\n\t\t\t\t<\/div>\n\t\t\t\t<div class=\"elementor-element elementor-element-d701103 elementor-widget elementor-widget-text-editor\" data-id=\"d701103\" data-element_type=\"widget\" data-e-type=\"widget\" data-widget_type=\"text-editor.default\">\n\t\t\t\t<div class=\"elementor-widget-container\">\n\t\t\t\t\t\t\t\t\t<p>Notre machine de sablage humide est un \u00e9quipement de traitement de surface pour la fabrication d'inserts en carbure de haute qualit\u00e9. Elle utilise un m\u00e9lange d'abrasifs et d'eau sous pression pour r\u00e9aliser le pr\u00e9traitement avant le rev\u00eatement, le post-traitement apr\u00e8s le rev\u00eatement et le rodage des ar\u00eates, etc.<\/p><p>La machine comprend les unit\u00e9s suivantes :<\/p>\t\t\t\t\t\t\t\t<\/div>\n\t\t\t\t<\/div>\n\t\t\t\t<div class=\"elementor-element elementor-element-06eb5fb elementor-widget elementor-widget-text-editor\" data-id=\"06eb5fb\" data-element_type=\"widget\" data-e-type=\"widget\" data-widget_type=\"text-editor.default\">\n\t\t\t\t<div class=\"elementor-widget-container\">\n\t\t\t\t\t\t\t\t\t<ul><li>unit\u00e9 de chargement<\/li><li>unit\u00e9 de dynamitage<\/li><li>unit\u00e9 de rin\u00e7age<\/li><li>unit\u00e9 de s\u00e9chage<\/li><li>unit\u00e9 de d\u00e9chargement<\/li><\/ul>\t\t\t\t\t\t\t\t<\/div>\n\t\t\t\t<\/div>\n\t\t\t\t<div class=\"elementor-element elementor-element-f961880 elementor-widget elementor-widget-heading\" data-id=\"f961880\" data-element_type=\"widget\" data-e-type=\"widget\" data-widget_type=\"heading.default\">\n\t\t\t\t<div class=\"elementor-widget-container\">\n\t\t\t\t\t<h4 class=\"elementor-heading-title elementor-size-default\">Pour en savoir plus, regardez cette vid\u00e9o :<\/h4>\t\t\t\t<\/div>\n\t\t\t\t<\/div>\n\t\t\t\t<div class=\"elementor-element elementor-element-a47ddff elementor-widget elementor-widget-video\" data-id=\"a47ddff\" data-element_type=\"widget\" data-e-type=\"widget\" data-settings=\"{&quot;video_type&quot;:&quot;hosted&quot;,&quot;controls&quot;:&quot;yes&quot;}\" data-widget_type=\"video.default\">\n\t\t\t\t<div class=\"elementor-widget-container\">\n\t\t\t\t\t\t\t<div class=\"e-hosted-video elementor-wrapper elementor-open-inline\">\n\t\t\t\t\t<video class=\"elementor-video\" src=\"https:\/\/carbideprovider.com\/wp-content\/uploads\/2025\/07\/QQ2025724-111426.mp4\" controls=\"\" preload=\"metadata\" controlslist=\"nodownload\"><\/video>\n\t\t\t\t<\/div>\n\t\t\t\t\t\t<\/div>\n\t\t\t\t<\/div>\n\t\t\t\t<div class=\"elementor-element elementor-element-3616b6c elementor-widget elementor-widget-heading\" data-id=\"3616b6c\" data-element_type=\"widget\" data-e-type=\"widget\" data-widget_type=\"heading.default\">\n\t\t\t\t<div class=\"elementor-widget-container\">\n\t\t\t\t\t<h4 class=\"elementor-heading-title elementor-size-default\">Machine de sablage \u00e0 chambre unique :<\/h4>\t\t\t\t<\/div>\n\t\t\t\t<\/div>\n\t\t\t\t<div class=\"elementor-element elementor-element-fe75260 elementor-widget elementor-widget-text-editor\" data-id=\"fe75260\" data-element_type=\"widget\" data-e-type=\"widget\" data-widget_type=\"text-editor.default\">\n\t\t\t\t<div class=\"elementor-widget-container\">\n\t\t\t\t\t\t\t\t\t<p>Pour le traitement de surface ou l'aff\u00fbtage des ar\u00eates<\/p>\t\t\t\t\t\t\t\t<\/div>\n\t\t\t\t<\/div>\n\t\t\t\t<div class=\"elementor-element elementor-element-9ef7fcd elementor-widget elementor-widget-image\" data-id=\"9ef7fcd\" data-element_type=\"widget\" data-e-type=\"widget\" data-widget_type=\"image.default\">\n\t\t\t\t<div class=\"elementor-widget-container\">\n\t\t\t\t\t\t\t\t\t\t\t\t\t\t\t<img decoding=\"async\" width=\"968\" height=\"332\" src=\"https:\/\/carbideprovider.com\/wp-content\/uploads\/2025\/07\/carbide-sandblasting-1.png\" class=\"attachment-large size-large wp-image-2899\" alt=\"\" srcset=\"https:\/\/carbideprovider.com\/wp-content\/uploads\/2025\/07\/carbide-sandblasting-1.png 968w, https:\/\/carbideprovider.com\/wp-content\/uploads\/2025\/07\/carbide-sandblasting-1-300x103.png 300w, https:\/\/carbideprovider.com\/wp-content\/uploads\/2025\/07\/carbide-sandblasting-1-768x263.png 768w, https:\/\/carbideprovider.com\/wp-content\/uploads\/2025\/07\/carbide-sandblasting-1-18x6.png 18w\" sizes=\"(max-width: 968px) 100vw, 968px\" \/>\t\t\t\t\t\t\t\t\t\t\t\t\t\t\t<\/div>\n\t\t\t\t<\/div>\n\t\t\t\t<div class=\"elementor-element elementor-element-198d722 elementor-widget elementor-widget-heading\" data-id=\"198d722\" data-element_type=\"widget\" data-e-type=\"widget\" data-widget_type=\"heading.default\">\n\t\t\t\t<div class=\"elementor-widget-container\">\n\t\t\t\t\t<h4 class=\"elementor-heading-title elementor-size-default\">Machine de sablage \u00e0 double chambre :<\/h4>\t\t\t\t<\/div>\n\t\t\t\t<\/div>\n\t\t\t\t<div class=\"elementor-element elementor-element-57e98ed elementor-widget elementor-widget-text-editor\" data-id=\"57e98ed\" data-element_type=\"widget\" data-e-type=\"widget\" data-widget_type=\"text-editor.default\">\n\t\t\t\t<div class=\"elementor-widget-container\">\n\t\t\t\t\t\t\t\t\t<p>Le traitement de surface et l'adoucissement des ar\u00eates peuvent \u00eatre effectu\u00e9s en m\u00eame temps.<\/p>\t\t\t\t\t\t\t\t<\/div>\n\t\t\t\t<\/div>\n\t\t\t\t<div class=\"elementor-element elementor-element-56dce1f elementor-widget elementor-widget-image\" data-id=\"56dce1f\" data-element_type=\"widget\" data-e-type=\"widget\" data-widget_type=\"image.default\">\n\t\t\t\t<div class=\"elementor-widget-container\">\n\t\t\t\t\t\t\t\t\t\t\t\t\t\t\t<img decoding=\"async\" width=\"981\" height=\"310\" src=\"https:\/\/carbideprovider.com\/wp-content\/uploads\/2025\/07\/carbide-sandblasting-2.png\" class=\"attachment-large size-large wp-image-2900\" alt=\"\" srcset=\"https:\/\/carbideprovider.com\/wp-content\/uploads\/2025\/07\/carbide-sandblasting-2.png 981w, https:\/\/carbideprovider.com\/wp-content\/uploads\/2025\/07\/carbide-sandblasting-2-300x95.png 300w, https:\/\/carbideprovider.com\/wp-content\/uploads\/2025\/07\/carbide-sandblasting-2-768x243.png 768w, https:\/\/carbideprovider.com\/wp-content\/uploads\/2025\/07\/carbide-sandblasting-2-18x6.png 18w\" sizes=\"(max-width: 981px) 100vw, 981px\" \/>\t\t\t\t\t\t\t\t\t\t\t\t\t\t\t<\/div>\n\t\t\t\t<\/div>\n\t\t\t\t<div class=\"elementor-element elementor-element-64eed89 elementor-widget elementor-widget-image\" data-id=\"64eed89\" data-element_type=\"widget\" data-e-type=\"widget\" data-widget_type=\"image.default\">\n\t\t\t\t<div class=\"elementor-widget-container\">\n\t\t\t\t\t\t\t\t\t\t\t\t\t\t\t<img loading=\"lazy\" decoding=\"async\" width=\"1024\" height=\"347\" src=\"https:\/\/carbideprovider.com\/wp-content\/uploads\/2025\/07\/carbide-sandblasting-3-1024x347.png\" class=\"attachment-large size-large wp-image-2901\" alt=\"\" srcset=\"https:\/\/carbideprovider.com\/wp-content\/uploads\/2025\/07\/carbide-sandblasting-3-1024x347.png 1024w, https:\/\/carbideprovider.com\/wp-content\/uploads\/2025\/07\/carbide-sandblasting-3-300x102.png 300w, https:\/\/carbideprovider.com\/wp-content\/uploads\/2025\/07\/carbide-sandblasting-3-768x260.png 768w, https:\/\/carbideprovider.com\/wp-content\/uploads\/2025\/07\/carbide-sandblasting-3-18x6.png 18w, https:\/\/carbideprovider.com\/wp-content\/uploads\/2025\/07\/carbide-sandblasting-3.png 1084w\" sizes=\"(max-width: 1024px) 100vw, 1024px\" \/>\t\t\t\t\t\t\t\t\t\t\t\t\t\t\t<\/div>\n\t\t\t\t<\/div>\n\t\t\t\t<div class=\"elementor-element elementor-element-397226b elementor-widget elementor-widget-heading\" data-id=\"397226b\" data-element_type=\"widget\" data-e-type=\"widget\" data-widget_type=\"heading.default\">\n\t\t\t\t<div class=\"elementor-widget-container\">\n\t\t\t\t\t<h4 class=\"elementor-heading-title elementor-size-default\">Interface :<\/h4>\t\t\t\t<\/div>\n\t\t\t\t<\/div>\n\t\t\t\t<div class=\"elementor-element elementor-element-8ffe9fa elementor-widget elementor-widget-text-editor\" data-id=\"8ffe9fa\" data-element_type=\"widget\" data-e-type=\"widget\" data-widget_type=\"text-editor.default\">\n\t\t\t\t<div class=\"elementor-widget-container\">\n\t\t\t\t\t\t\t\t\t<ul><li>Compl\u00e9ter les fonctions pour r\u00e9pondre aux diff\u00e9rentes exigences des processus.<\/li><li>Cette interface est utilis\u00e9e pour l'\u00e9dition des recettes, la modification des param\u00e8tres, le t\u00e9l\u00e9chargement des recettes, la cr\u00e9ation de nouvelles recettes, etc.<\/li><\/ul>\t\t\t\t\t\t\t\t<\/div>\n\t\t\t\t<\/div>\n\t\t\t\t<div class=\"elementor-element elementor-element-dc847c2 elementor-widget elementor-widget-image\" data-id=\"dc847c2\" data-element_type=\"widget\" data-e-type=\"widget\" data-widget_type=\"image.default\">\n\t\t\t\t<div class=\"elementor-widget-container\">\n\t\t\t\t\t\t\t\t\t\t\t\t\t\t\t<img loading=\"lazy\" decoding=\"async\" width=\"1006\" height=\"740\" src=\"https:\/\/carbideprovider.com\/wp-content\/uploads\/2025\/07\/carbide-sandblasting-4.png\" class=\"attachment-large size-large wp-image-2902\" alt=\"\" srcset=\"https:\/\/carbideprovider.com\/wp-content\/uploads\/2025\/07\/carbide-sandblasting-4.png 1006w, https:\/\/carbideprovider.com\/wp-content\/uploads\/2025\/07\/carbide-sandblasting-4-300x221.png 300w, https:\/\/carbideprovider.com\/wp-content\/uploads\/2025\/07\/carbide-sandblasting-4-768x565.png 768w, https:\/\/carbideprovider.com\/wp-content\/uploads\/2025\/07\/carbide-sandblasting-4-16x12.png 16w\" sizes=\"(max-width: 1006px) 100vw, 1006px\" \/>\t\t\t\t\t\t\t\t\t\t\t\t\t\t\t<\/div>\n\t\t\t\t<\/div>\n\t\t\t\t<div class=\"elementor-element elementor-element-586ff37 elementor-widget elementor-widget-heading\" data-id=\"586ff37\" data-element_type=\"widget\" data-e-type=\"widget\" data-widget_type=\"heading.default\">\n\t\t\t\t<div class=\"elementor-widget-container\">\n\t\t\t\t\t<h4 class=\"elementor-heading-title elementor-size-default\">Application :<\/h4>\t\t\t\t<\/div>\n\t\t\t\t<\/div>\n\t\t\t\t<div class=\"elementor-element elementor-element-dd3c72d elementor-widget elementor-widget-text-editor\" data-id=\"dd3c72d\" data-element_type=\"widget\" data-e-type=\"widget\" data-widget_type=\"text-editor.default\">\n\t\t\t\t<div class=\"elementor-widget-container\">\n\t\t\t\t\t\t\t\t\t<p><strong>Pr\u00e9traitement de la surface avant le rev\u00eatement<\/strong><\/p><ul><li>Il \u00e9limine les contaminants r\u00e9siduels et l'oxydation de la surface des plaquettes en carbure, donne \u00e0 la plaquette une bonne rugosit\u00e9 de surface et r\u00e9duit les contraintes r\u00e9siduelles. Cela am\u00e9liorera consid\u00e9rablement l'adh\u00e9rence du rev\u00eatement et les propri\u00e9t\u00e9s m\u00e9caniques de la plaquette ainsi que sa r\u00e9sistance \u00e0 la fatigue.<\/li><li>\u00c9limine les ar\u00eates vives et les bavures sur la surface de la plaquette, ce qui am\u00e9liore la stabilit\u00e9 et l'uniformit\u00e9 de l'ar\u00eate de coupe.<\/li><\/ul>\t\t\t\t\t\t\t\t<\/div>\n\t\t\t\t<\/div>\n\t\t\t\t<div class=\"elementor-element elementor-element-81cd541 elementor-widget elementor-widget-image\" data-id=\"81cd541\" data-element_type=\"widget\" data-e-type=\"widget\" data-widget_type=\"image.default\">\n\t\t\t\t<div class=\"elementor-widget-container\">\n\t\t\t\t\t\t\t\t\t\t\t\t\t\t\t<img loading=\"lazy\" decoding=\"async\" width=\"995\" height=\"238\" src=\"https:\/\/carbideprovider.com\/wp-content\/uploads\/2025\/07\/carbide-sandblasting-5.png\" class=\"attachment-large size-large wp-image-2903\" alt=\"\" srcset=\"https:\/\/carbideprovider.com\/wp-content\/uploads\/2025\/07\/carbide-sandblasting-5.png 995w, https:\/\/carbideprovider.com\/wp-content\/uploads\/2025\/07\/carbide-sandblasting-5-300x72.png 300w, https:\/\/carbideprovider.com\/wp-content\/uploads\/2025\/07\/carbide-sandblasting-5-768x184.png 768w, https:\/\/carbideprovider.com\/wp-content\/uploads\/2025\/07\/carbide-sandblasting-5-18x4.png 18w\" sizes=\"(max-width: 995px) 100vw, 995px\" \/>\t\t\t\t\t\t\t\t\t\t\t\t\t\t\t<\/div>\n\t\t\t\t<\/div>\n\t\t\t\t<div class=\"elementor-element elementor-element-80ebc33 elementor-widget elementor-widget-text-editor\" data-id=\"80ebc33\" data-element_type=\"widget\" data-e-type=\"widget\" data-widget_type=\"text-editor.default\">\n\t\t\t\t<div class=\"elementor-widget-container\">\n\t\t\t\t\t\t\t\t\t<p><strong>Surface post-traitement apr\u00e8s rev\u00eatement<\/strong><\/p><ul><li>\u00a0PVD :  Retirer les gouttelettes de rev\u00eatement et \u00e9claircir la surface de l'insert.<\/li><li>CVD :  \u00c9claircir la surface de la plaquette, \u00e9liminer les bavures et le rev\u00eatement, am\u00e9liorer la consistance et l'uniformit\u00e9 de la plaquette, afin d'am\u00e9liorer les performances de coupe de la plaquette.<\/li><\/ul>\t\t\t\t\t\t\t\t<\/div>\n\t\t\t\t<\/div>\n\t\t\t\t<div class=\"elementor-element elementor-element-a5a1891 elementor-widget elementor-widget-image\" data-id=\"a5a1891\" data-element_type=\"widget\" data-e-type=\"widget\" data-widget_type=\"image.default\">\n\t\t\t\t<div class=\"elementor-widget-container\">\n\t\t\t\t\t\t\t\t\t\t\t\t\t\t\t<img loading=\"lazy\" decoding=\"async\" width=\"908\" height=\"388\" src=\"https:\/\/carbideprovider.com\/wp-content\/uploads\/2025\/07\/carbide-sandblasting-machine-insert.png\" class=\"attachment-large size-large wp-image-2904\" alt=\"\" srcset=\"https:\/\/carbideprovider.com\/wp-content\/uploads\/2025\/07\/carbide-sandblasting-machine-insert.png 908w, https:\/\/carbideprovider.com\/wp-content\/uploads\/2025\/07\/carbide-sandblasting-machine-insert-300x128.png 300w, https:\/\/carbideprovider.com\/wp-content\/uploads\/2025\/07\/carbide-sandblasting-machine-insert-768x328.png 768w, https:\/\/carbideprovider.com\/wp-content\/uploads\/2025\/07\/carbide-sandblasting-machine-insert-18x8.png 18w\" sizes=\"(max-width: 908px) 100vw, 908px\" \/>\t\t\t\t\t\t\t\t\t\t\t\t\t\t\t<\/div>\n\t\t\t\t<\/div>\n\t\t\t\t<div class=\"elementor-element elementor-element-f9d3f5f elementor-widget elementor-widget-text-editor\" data-id=\"f9d3f5f\" data-element_type=\"widget\" data-e-type=\"widget\" data-widget_type=\"text-editor.default\">\n\t\t\t\t<div class=\"elementor-widget-container\">\n\t\t\t\t\t\t\t\t\t<p><strong>Hommage des ar\u00eates<\/strong><\/p><ul><li>Enlever les bavures du tranchant et de la surface de coupe.<\/li><li>L'augmentation du rayon de l'ar\u00eate peut r\u00e9duire consid\u00e9rablement la longueur de contact et l'accumulation de chaleur entre l'ar\u00eate de coupe et le mat\u00e9riau de la pi\u00e8ce.<\/li><li>La dur\u00e9e de vie de l'outil est augment\u00e9e de 30-70%.<\/li><\/ul>\t\t\t\t\t\t\t\t<\/div>\n\t\t\t\t<\/div>\n\t\t\t\t<div class=\"elementor-element elementor-element-b8e0df4 elementor-widget elementor-widget-image\" data-id=\"b8e0df4\" data-element_type=\"widget\" data-e-type=\"widget\" data-widget_type=\"image.default\">\n\t\t\t\t<div class=\"elementor-widget-container\">\n\t\t\t\t\t\t\t\t\t\t\t\t\t\t\t<img loading=\"lazy\" decoding=\"async\" width=\"995\" height=\"299\" src=\"https:\/\/carbideprovider.com\/wp-content\/uploads\/2025\/07\/carbide-sandblasting-6.png\" class=\"attachment-large size-large wp-image-2905\" alt=\"\" srcset=\"https:\/\/carbideprovider.com\/wp-content\/uploads\/2025\/07\/carbide-sandblasting-6.png 995w, https:\/\/carbideprovider.com\/wp-content\/uploads\/2025\/07\/carbide-sandblasting-6-300x90.png 300w, https:\/\/carbideprovider.com\/wp-content\/uploads\/2025\/07\/carbide-sandblasting-6-768x231.png 768w, https:\/\/carbideprovider.com\/wp-content\/uploads\/2025\/07\/carbide-sandblasting-6-18x5.png 18w\" sizes=\"(max-width: 995px) 100vw, 995px\" \/>\t\t\t\t\t\t\t\t\t\t\t\t\t\t\t<\/div>\n\t\t\t\t<\/div>\n\t\t\t\t<div class=\"elementor-element elementor-element-061edf1 elementor-widget elementor-widget-heading\" data-id=\"061edf1\" data-element_type=\"widget\" data-e-type=\"widget\" data-widget_type=\"heading.default\">\n\t\t\t\t<div class=\"elementor-widget-container\">\n\t\t\t\t\t<h2 class=\"elementor-heading-title elementor-size-default\">\u00c9quipements connexes :<\/h2>\t\t\t\t<\/div>\n\t\t\t\t<\/div>\n\t\t\t\t<div class=\"elementor-element elementor-element-4a50b79 elementor-widget elementor-widget-image\" data-id=\"4a50b79\" data-element_type=\"widget\" data-e-type=\"widget\" data-widget_type=\"image.default\">\n\t\t\t\t<div class=\"elementor-widget-container\">\n\t\t\t\t\t\t\t\t\t\t\t\t\t\t\t<img loading=\"lazy\" decoding=\"async\" width=\"779\" height=\"534\" src=\"https:\/\/carbideprovider.com\/wp-content\/uploads\/2025\/07\/carbide-sandblasting-7.png\" class=\"attachment-large size-large wp-image-2906\" alt=\"\" srcset=\"https:\/\/carbideprovider.com\/wp-content\/uploads\/2025\/07\/carbide-sandblasting-7.png 779w, https:\/\/carbideprovider.com\/wp-content\/uploads\/2025\/07\/carbide-sandblasting-7-300x206.png 300w, https:\/\/carbideprovider.com\/wp-content\/uploads\/2025\/07\/carbide-sandblasting-7-768x526.png 768w, https:\/\/carbideprovider.com\/wp-content\/uploads\/2025\/07\/carbide-sandblasting-7-18x12.png 18w\" sizes=\"(max-width: 779px) 100vw, 779px\" \/>\t\t\t\t\t\t\t\t\t\t\t\t\t\t\t<\/div>\n\t\t\t\t<\/div>\n\t\t\t\t\t<\/div>\n\t\t\t\t<\/div>\n\t\t\t\t<\/div>","protected":false},"excerpt":{"rendered":"<p>Carbide Sandblasting Machine Our wet sandblasting machine is a surface treatment equipment for high quality carbide insert manufacturing by using a mixture of abrasive media and water under pressure to realize pre-treatment before coating, post-treatment after coating and edge honing etc. The machine including following units: loading unit blasting unit rinsing unit drying unit unloading [&hellip;]<\/p>\n","protected":false},"author":2,"featured_media":0,"parent":0,"menu_order":0,"comment_status":"closed","ping_status":"closed","template":"","meta":{"footnotes":""},"class_list":["post-2896","page","type-page","status-publish","hentry"],"blocksy_meta":[],"_links":{"self":[{"href":"https:\/\/carbideprovider.com\/fr\/wp-json\/wp\/v2\/pages\/2896","targetHints":{"allow":["GET"]}}],"collection":[{"href":"https:\/\/carbideprovider.com\/fr\/wp-json\/wp\/v2\/pages"}],"about":[{"href":"https:\/\/carbideprovider.com\/fr\/wp-json\/wp\/v2\/types\/page"}],"author":[{"embeddable":true,"href":"https:\/\/carbideprovider.com\/fr\/wp-json\/wp\/v2\/users\/2"}],"replies":[{"embeddable":true,"href":"https:\/\/carbideprovider.com\/fr\/wp-json\/wp\/v2\/comments?post=2896"}],"version-history":[{"count":7,"href":"https:\/\/carbideprovider.com\/fr\/wp-json\/wp\/v2\/pages\/2896\/revisions"}],"predecessor-version":[{"id":2914,"href":"https:\/\/carbideprovider.com\/fr\/wp-json\/wp\/v2\/pages\/2896\/revisions\/2914"}],"wp:attachment":[{"href":"https:\/\/carbideprovider.com\/fr\/wp-json\/wp\/v2\/media?parent=2896"}],"curies":[{"name":"wp","href":"https:\/\/api.w.org\/{rel}","templated":true}]}}