{"id":2862,"date":"2025-07-23T07:37:52","date_gmt":"2025-07-23T07:37:52","guid":{"rendered":"https:\/\/carbideprovider.com\/?page_id=2862"},"modified":"2025-07-23T08:37:03","modified_gmt":"2025-07-23T08:37:03","slug":"vacuum-pressure-sintering-furnace","status":"publish","type":"page","link":"https:\/\/carbideprovider.com\/fr\/vacuum-pressure-sintering-furnace\/","title":{"rendered":"Four de frittage sous vide et sous pression"},"content":{"rendered":"<div data-elementor-type=\"wp-page\" data-elementor-id=\"2862\" class=\"elementor elementor-2862\" data-elementor-post-type=\"page\">\n\t\t\t\t<div data-particle_enable=\"false\" data-particle-mobile-disabled=\"false\" class=\"elementor-element elementor-element-34d974e e-flex e-con-boxed e-con e-parent\" data-id=\"34d974e\" data-element_type=\"container\" data-e-type=\"container\" data-settings=\"{&quot;background_background&quot;:&quot;classic&quot;}\">\n\t\t\t\t\t<div class=\"e-con-inner\">\n\t\t\t\t<div class=\"elementor-element elementor-element-60a0463 elementor-widget elementor-widget-spacer\" data-id=\"60a0463\" data-element_type=\"widget\" data-e-type=\"widget\" data-widget_type=\"spacer.default\">\n\t\t\t\t<div class=\"elementor-widget-container\">\n\t\t\t\t\t\t\t<div class=\"elementor-spacer\">\n\t\t\t<div class=\"elementor-spacer-inner\"><\/div>\n\t\t<\/div>\n\t\t\t\t\t\t<\/div>\n\t\t\t\t<\/div>\n\t\t\t\t\t<\/div>\n\t\t\t\t<\/div>\n\t\t<div data-particle_enable=\"false\" data-particle-mobile-disabled=\"false\" class=\"elementor-element elementor-element-c35e55d e-flex e-con-boxed e-con e-parent\" data-id=\"c35e55d\" data-element_type=\"container\" data-e-type=\"container\" data-settings=\"{&quot;background_background&quot;:&quot;classic&quot;}\">\n\t\t\t\t\t<div class=\"e-con-inner\">\n\t\t\t\t<div class=\"elementor-element elementor-element-96ec3d3 elementor-widget elementor-widget-heading\" data-id=\"96ec3d3\" data-element_type=\"widget\" data-e-type=\"widget\" data-widget_type=\"heading.default\">\n\t\t\t\t<div class=\"elementor-widget-container\">\n\t\t\t\t\t<h2 class=\"elementor-heading-title elementor-size-default\">Four de frittage sous vide et sous pression<\/h2>\t\t\t\t<\/div>\n\t\t\t\t<\/div>\n\t\t\t\t<div class=\"elementor-element elementor-element-e4ec3d6 elementor-widget elementor-widget-image\" data-id=\"e4ec3d6\" data-element_type=\"widget\" data-e-type=\"widget\" data-widget_type=\"image.default\">\n\t\t\t\t<div class=\"elementor-widget-container\">\n\t\t\t\t\t\t\t\t\t\t\t\t\t\t\t<img fetchpriority=\"high\" decoding=\"async\" width=\"971\" height=\"616\" src=\"https:\/\/carbideprovider.com\/wp-content\/uploads\/2025\/07\/carbid-sinterig-furnace.png\" class=\"attachment-large size-large wp-image-2865\" alt=\"carbid sinterig furnace\" srcset=\"https:\/\/carbideprovider.com\/wp-content\/uploads\/2025\/07\/carbid-sinterig-furnace.png 971w, https:\/\/carbideprovider.com\/wp-content\/uploads\/2025\/07\/carbid-sinterig-furnace-300x190.png 300w, https:\/\/carbideprovider.com\/wp-content\/uploads\/2025\/07\/carbid-sinterig-furnace-768x487.png 768w, https:\/\/carbideprovider.com\/wp-content\/uploads\/2025\/07\/carbid-sinterig-furnace-18x12.png 18w\" sizes=\"(max-width: 971px) 100vw, 971px\" \/>\t\t\t\t\t\t\t\t\t\t\t\t\t\t\t<\/div>\n\t\t\t\t<\/div>\n\t\t\t\t<div class=\"elementor-element elementor-element-d701103 elementor-widget elementor-widget-text-editor\" data-id=\"d701103\" data-element_type=\"widget\" data-e-type=\"widget\" data-widget_type=\"text-editor.default\">\n\t\t\t\t<div class=\"elementor-widget-container\">\n\t\t\t\t\t\t\t\t\t<p>Le four de frittage sous vide et sous pression est destin\u00e9 au processus de consolidation des poudres m\u00e9talliques ou c\u00e9ramiques afin de produire des composants \u00e0 l'aide de la chaleur, et parfois d'une pression ajout\u00e9e, dans une atmosph\u00e8re de protection sous vide ou sous gaz et \u00e0 une temp\u00e9rature inf\u00e9rieure \u00e0 la temp\u00e9rature de fusion du mat\u00e9riau.<\/p><p>Pour de nombreux mat\u00e9riaux, le frittage ne peut avoir lieu qu'\u00e0 haute temp\u00e9rature et doit donc \u00eatre effectu\u00e9 sous vide ou dans une atmosph\u00e8re protectrice pour \u00e9viter l'oxydation. Notre four de frittage sous vide constitue la meilleure alternative pour un frittage de haute qualit\u00e9 du carbure de tungst\u00e8ne et de certains autres m\u00e9taux ou c\u00e9ramiques. La poudre de m\u00e9tal dur (comme le carbure de tungst\u00e8ne) est un bon exemple de traitement dans un processus de frittage en phase liquide \u00e0 l'aide de notre four de frittage sous vide, ou sous vide et surpression.<\/p><p>Le four de frittage TRUER combine le d\u00e9paraffinage, le frittage sous vide et la densification isostatique ult\u00e9rieure sous gaz de pression (jusqu'\u00e0 200 bars) de m\u00e9taux durs (carbures c\u00e9ment\u00e9s) ou de c\u00e9ramiques techniques.<\/p>\t\t\t\t\t\t\t\t<\/div>\n\t\t\t\t<\/div>\n\t\t\t\t<div class=\"elementor-element elementor-element-56299da elementor-widget elementor-widget-heading\" data-id=\"56299da\" data-element_type=\"widget\" data-e-type=\"widget\" data-widget_type=\"heading.default\">\n\t\t\t\t<div class=\"elementor-widget-container\">\n\t\t\t\t\t<h2 class=\"elementor-heading-title elementor-size-default\">Applications<\/h2>\t\t\t\t<\/div>\n\t\t\t\t<\/div>\n\t\t\t\t<div class=\"elementor-element elementor-element-f961880 elementor-widget elementor-widget-heading\" data-id=\"f961880\" data-element_type=\"widget\" data-e-type=\"widget\" data-widget_type=\"heading.default\">\n\t\t\t\t<div class=\"elementor-widget-container\">\n\t\t\t\t\t<h4 class=\"elementor-heading-title elementor-size-default\">D\u00e9cirage et frittage<\/h4>\t\t\t\t<\/div>\n\t\t\t\t<\/div>\n\t\t\t\t<div class=\"elementor-element elementor-element-86005f8 elementor-widget elementor-widget-text-editor\" data-id=\"86005f8\" data-element_type=\"widget\" data-e-type=\"widget\" data-widget_type=\"text-editor.default\">\n\t\t\t\t<div class=\"elementor-widget-container\">\n\t\t\t\t\t\t\t\t\t<ul><li>sous vide ou pression partielle par Ar, N2 et H2<\/li><li>avec moniteur de contr\u00f4le de la pression<\/li><li>avec contr\u00f4le du liant avec<\/li><li>refroidissement rapide \u00e0 haute pression en option<\/li><\/ul>\t\t\t\t\t\t\t\t<\/div>\n\t\t\t\t<\/div>\n\t\t\t\t<div class=\"elementor-element elementor-element-3616b6c elementor-widget elementor-widget-heading\" data-id=\"3616b6c\" data-element_type=\"widget\" data-e-type=\"widget\" data-widget_type=\"heading.default\">\n\t\t\t\t<div class=\"elementor-widget-container\">\n\t\t\t\t\t<h4 class=\"elementor-heading-title elementor-size-default\">Mat\u00e9riaux<\/h4>\t\t\t\t<\/div>\n\t\t\t\t<\/div>\n\t\t\t\t<div class=\"elementor-element elementor-element-fe75260 elementor-widget elementor-widget-text-editor\" data-id=\"fe75260\" data-element_type=\"widget\" data-e-type=\"widget\" data-widget_type=\"text-editor.default\">\n\t\t\t\t<div class=\"elementor-widget-container\">\n\t\t\t\t\t\t\t\t\t<ul><li>M\u00e9taux durs (carbure de tungst\u00e8ne)<\/li><li>Cermets<\/li><li>PM- alliages sp\u00e9ciaux<\/li><li>C\u00e9ramique technique<\/li><\/ul>\t\t\t\t\t\t\t\t<\/div>\n\t\t\t\t<\/div>\n\t\t\t\t<div class=\"elementor-element elementor-element-198d722 elementor-widget elementor-widget-heading\" data-id=\"198d722\" data-element_type=\"widget\" data-e-type=\"widget\" data-widget_type=\"heading.default\">\n\t\t\t\t<div class=\"elementor-widget-container\">\n\t\t\t\t\t<h4 class=\"elementor-heading-title elementor-size-default\">Avantages<\/h4>\t\t\t\t<\/div>\n\t\t\t\t<\/div>\n\t\t\t\t<div class=\"elementor-element elementor-element-57e98ed elementor-widget elementor-widget-text-editor\" data-id=\"57e98ed\" data-element_type=\"widget\" data-e-type=\"widget\" data-widget_type=\"text-editor.default\">\n\t\t\t\t<div class=\"elementor-widget-container\">\n\t\t\t\t\t\t\t\t\t<ul>\n \t<li>excellente uniformit\u00e9 de la temp\u00e9rature, que ce soit sous vide ou sous pression<\/li>\n \t<li>la rentabilit\u00e9 gr\u00e2ce \u00e0 une conception permettant d'\u00e9conomiser l'\u00e9nergie et le gaz<\/li>\n \t<li> Temps de traitement plus courts gr\u00e2ce \u00e0 un refroidissement rapide et puissant<\/li>\n \t<li> Double syst\u00e8me de d\u00e9paraffinage, haute efficacit\u00e9, fiabilit\u00e9, longue dur\u00e9e de vie<\/li>\n \t<li> Conception intelligente, facilit\u00e9 d'utilisation, temps de mise en service r\u00e9duits<\/li>\n \t<li> D'autres tailles ou types personnalis\u00e9s sont disponibles<\/li>\n<\/ul>\t\t\t\t\t\t\t\t<\/div>\n\t\t\t\t<\/div>\n\t\t\t\t<div class=\"elementor-element elementor-element-56dce1f elementor-widget elementor-widget-image\" data-id=\"56dce1f\" data-element_type=\"widget\" data-e-type=\"widget\" data-widget_type=\"image.default\">\n\t\t\t\t<div class=\"elementor-widget-container\">\n\t\t\t\t\t\t\t\t\t\t\t\t\t\t\t<img decoding=\"async\" width=\"1024\" height=\"230\" src=\"https:\/\/carbideprovider.com\/wp-content\/uploads\/2025\/07\/carbide-sintering-furnace-china-supplier-1024x230.png\" class=\"attachment-large size-large wp-image-2866\" alt=\"carbide sintering furnace china supplier\" srcset=\"https:\/\/carbideprovider.com\/wp-content\/uploads\/2025\/07\/carbide-sintering-furnace-china-supplier-1024x230.png 1024w, https:\/\/carbideprovider.com\/wp-content\/uploads\/2025\/07\/carbide-sintering-furnace-china-supplier-300x68.png 300w, https:\/\/carbideprovider.com\/wp-content\/uploads\/2025\/07\/carbide-sintering-furnace-china-supplier-768x173.png 768w, https:\/\/carbideprovider.com\/wp-content\/uploads\/2025\/07\/carbide-sintering-furnace-china-supplier-18x4.png 18w, https:\/\/carbideprovider.com\/wp-content\/uploads\/2025\/07\/carbide-sintering-furnace-china-supplier.png 1071w\" sizes=\"(max-width: 1024px) 100vw, 1024px\" \/>\t\t\t\t\t\t\t\t\t\t\t\t\t\t\t<\/div>\n\t\t\t\t<\/div>\n\t\t\t\t<div class=\"elementor-element elementor-element-397226b elementor-widget elementor-widget-heading\" data-id=\"397226b\" data-element_type=\"widget\" data-e-type=\"widget\" data-widget_type=\"heading.default\">\n\t\t\t\t<div class=\"elementor-widget-container\">\n\t\t\t\t\t<h2 class=\"elementor-heading-title elementor-size-default\">Param\u00e8tres techniques<\/h2>\t\t\t\t<\/div>\n\t\t\t\t<\/div>\n\t\t\t\t<div class=\"elementor-element elementor-element-a9a4639 elementor-widget elementor-widget-heading\" data-id=\"a9a4639\" data-element_type=\"widget\" data-e-type=\"widget\" data-widget_type=\"heading.default\">\n\t\t\t\t<div class=\"elementor-widget-container\">\n\t\t\t\t\t<h4 class=\"elementor-heading-title elementor-size-default\">Four type 3312<\/h4>\t\t\t\t<\/div>\n\t\t\t\t<\/div>\n\t\t\t\t<div class=\"elementor-element elementor-element-8ffe9fa elementor-widget elementor-widget-text-editor\" data-id=\"8ffe9fa\" data-element_type=\"widget\" data-e-type=\"widget\" data-widget_type=\"text-editor.default\">\n\t\t\t\t<div class=\"elementor-widget-container\">\n\t\t\t\t\t\t\t\t\t\n<table>\n<tbody>\n<tr>\n<td>Param\u00e8tres<\/td>\n<td>Sp\u00e9cifications<\/td>\n<\/tr>\n<tr>\n<td>Espace utilisable<\/td>\n<td>300\u00d7300\u00d71250 mm<\/td>\n<\/tr>\n<tr>\n<td>Max. Temp\u00e9rature<\/td>\n<td>1600\u2103<\/td>\n<\/tr>\n<tr>\n<td>Chargement<\/td>\n<td>jusqu'\u00e0 260 kg<\/td>\n<\/tr>\n<tr>\n<td>Pression de fonctionnement<\/td>\n<td>0,6 MPa<\/td>\n<\/tr>\n<tr>\n<td>Puissance de chauffage<\/td>\n<td>180 KW<\/td>\n<\/tr>\n<tr>\n<td>Gaz Moyen<\/td>\n<td>Ar, N<sub>2<\/sub> et H<sub>2<\/sub><\/td>\n<\/tr>\n<tr>\n<td>Temps de refroidissement rapide<\/td>\n<td>25 minutes de 1500\u2103 \u00e0 100\u2103 dans un four vide \u00e0 0,6 MPa<\/td>\n<\/tr>\n<tr>\n<td>Uniformit\u00e9 de la temp\u00e9rature<\/td>\n<td>moins de \u00b15\u2103<\/td>\n<\/tr>\n<tr>\n<td>Thermocouple<\/td>\n<td>tungst\u00e8ne rh\u00e9nium \u00e0 double noyau (WRe5.26)<\/td>\n<\/tr>\n<\/tbody>\n<\/table>\t\t\t\t\t\t\t\t<\/div>\n\t\t\t\t<\/div>\n\t\t\t\t<div class=\"elementor-element elementor-element-dc847c2 elementor-widget elementor-widget-image\" data-id=\"dc847c2\" data-element_type=\"widget\" data-e-type=\"widget\" data-widget_type=\"image.default\">\n\t\t\t\t<div class=\"elementor-widget-container\">\n\t\t\t\t\t\t\t\t\t\t\t\t\t\t\t<img decoding=\"async\" width=\"1024\" height=\"377\" src=\"https:\/\/carbideprovider.com\/wp-content\/uploads\/2025\/07\/carbid-sinterig-furnace-china-factory-1-1024x377.png\" class=\"attachment-large size-large wp-image-2867\" alt=\"carbid sinterig furnace china factory 1\" srcset=\"https:\/\/carbideprovider.com\/wp-content\/uploads\/2025\/07\/carbid-sinterig-furnace-china-factory-1-1024x377.png 1024w, https:\/\/carbideprovider.com\/wp-content\/uploads\/2025\/07\/carbid-sinterig-furnace-china-factory-1-300x110.png 300w, https:\/\/carbideprovider.com\/wp-content\/uploads\/2025\/07\/carbid-sinterig-furnace-china-factory-1-768x282.png 768w, https:\/\/carbideprovider.com\/wp-content\/uploads\/2025\/07\/carbid-sinterig-furnace-china-factory-1-18x7.png 18w, https:\/\/carbideprovider.com\/wp-content\/uploads\/2025\/07\/carbid-sinterig-furnace-china-factory-1.png 1047w\" sizes=\"(max-width: 1024px) 100vw, 1024px\" \/>\t\t\t\t\t\t\t\t\t\t\t\t\t\t\t<\/div>\n\t\t\t\t<\/div>\n\t\t\t\t<div class=\"elementor-element elementor-element-586ff37 elementor-widget elementor-widget-heading\" data-id=\"586ff37\" data-element_type=\"widget\" data-e-type=\"widget\" data-widget_type=\"heading.default\">\n\t\t\t\t<div class=\"elementor-widget-container\">\n\t\t\t\t\t<h4 class=\"elementor-heading-title elementor-size-default\">Type de four 5518<\/h4>\t\t\t\t<\/div>\n\t\t\t\t<\/div>\n\t\t\t\t<div class=\"elementor-element elementor-element-dd3c72d elementor-widget elementor-widget-text-editor\" data-id=\"dd3c72d\" data-element_type=\"widget\" data-e-type=\"widget\" data-widget_type=\"text-editor.default\">\n\t\t\t\t<div class=\"elementor-widget-container\">\n\t\t\t\t\t\t\t\t\t\n<style>\n    table {<br \/>\n      border-collapse: collapse;<br \/>\n      width: 800px;<br \/>\n      font-family: Arial, sans-serif;<br \/>\n      line-height: 1.2;<br \/>\n    }<br \/>\n    th, td {<br \/>\n      border: 1px solid #000;<br \/>\n      padding: 6px;<br \/>\n      text-align: center;<br \/>\n      vertical-align: middle;<br \/>\n    }<br \/>\n  <\/style>\n\n&nbsp;\n<table>\n<tbody>\n<tr>\n<td>Param\u00e8tres<\/td>\n<td>Sp\u00e9cifications<\/td>\n<\/tr>\n<tr>\n<td>Espace utilisable<\/td>\n<td>500\u00d7500\u00d71800 mm<\/td>\n<\/tr>\n<tr>\n<td>Max. Temp\u00e9rature<\/td>\n<td>2200\u2103<\/td>\n<\/tr>\n<tr>\n<td>Chargement<\/td>\n<td>jusqu'\u00e0 1500 kg<\/td>\n<\/tr>\n<tr>\n<td>Pression de fonctionnement<\/td>\n<td>6 MPa<\/td>\n<\/tr>\n<tr>\n<td>Puissance de chauffage<\/td>\n<td>440 KW<\/td>\n<\/tr>\n<tr>\n<td>Gaz Moyen<\/td>\n<td>Ar, N<sub>2<\/sub><\/td>\n<\/tr>\n<tr>\n<td>Temps de refroidissement<\/td>\n<td>8 heures de 1900\u2103 \u00e0 100\u2103 dans un four vide \u00e0 5,8 MPa<\/td>\n<\/tr>\n<tr>\n<td>Uniformit\u00e9 de la temp\u00e9rature<\/td>\n<td>moins de \u00b15\u2103<\/td>\n<\/tr>\n<tr>\n<td>Thermocouple<\/td>\n<td>tungst\u00e8ne rh\u00e9nium \u00e0 double noyau (WRe5.26)<\/td>\n<\/tr>\n<\/tbody>\n<\/table>\n&nbsp;\t\t\t\t\t\t\t\t<\/div>\n\t\t\t\t<\/div>\n\t\t\t\t<div class=\"elementor-element elementor-element-81cd541 elementor-widget elementor-widget-image\" data-id=\"81cd541\" data-element_type=\"widget\" data-e-type=\"widget\" data-widget_type=\"image.default\">\n\t\t\t\t<div class=\"elementor-widget-container\">\n\t\t\t\t\t\t\t\t\t\t\t\t\t\t\t<img loading=\"lazy\" decoding=\"async\" width=\"784\" height=\"380\" src=\"https:\/\/carbideprovider.com\/wp-content\/uploads\/2025\/07\/carbid-sinterig-furnace-china-factory-china-supplier.png\" class=\"attachment-large size-large wp-image-2868\" alt=\"carbid sinterig furnace china factory china supplier\" srcset=\"https:\/\/carbideprovider.com\/wp-content\/uploads\/2025\/07\/carbid-sinterig-furnace-china-factory-china-supplier.png 784w, https:\/\/carbideprovider.com\/wp-content\/uploads\/2025\/07\/carbid-sinterig-furnace-china-factory-china-supplier-300x145.png 300w, https:\/\/carbideprovider.com\/wp-content\/uploads\/2025\/07\/carbid-sinterig-furnace-china-factory-china-supplier-768x372.png 768w, https:\/\/carbideprovider.com\/wp-content\/uploads\/2025\/07\/carbid-sinterig-furnace-china-factory-china-supplier-18x9.png 18w\" sizes=\"(max-width: 784px) 100vw, 784px\" \/>\t\t\t\t\t\t\t\t\t\t\t\t\t\t\t<\/div>\n\t\t\t\t<\/div>\n\t\t\t\t<div class=\"elementor-element elementor-element-62170c7 elementor-widget elementor-widget-heading\" data-id=\"62170c7\" data-element_type=\"widget\" data-e-type=\"widget\" data-widget_type=\"heading.default\">\n\t\t\t\t<div class=\"elementor-widget-container\">\n\t\t\t\t\t<h4 class=\"elementor-heading-title elementor-size-default\">Four type 4416<\/h4>\t\t\t\t<\/div>\n\t\t\t\t<\/div>\n\t\t\t\t<div class=\"elementor-element elementor-element-80ebc33 elementor-widget elementor-widget-text-editor\" data-id=\"80ebc33\" data-element_type=\"widget\" data-e-type=\"widget\" data-widget_type=\"text-editor.default\">\n\t\t\t\t<div class=\"elementor-widget-container\">\n\t\t\t\t\t\t\t\t\t<!DOCTYPE html>\n<html lang=\"en\">\n<head>\n  <meta charset=\"UTF-8\">\n  <style>\n    table {\n      border-collapse: collapse;\n      width: 800px;\n      font-family: Arial, sans-serif;\n      font-size: 14px;\n    }\n    td {\n      border: 1px solid #ddd;\n      padding: 6px 8px;\n      text-align: center;\n      line-height: 1.4;\n    }\n  <\/style>\n<\/head>\n<body>\n  <table>\n    <tr>\n      <td>Espace utilisable :<\/td>\n      <td>400X400X1650mm<\/td>\n    <\/tr>\n    <tr>\n      <td>Temp\u00e9rature max. Temp\u00e9rature max :<\/td>\n      <td>1600\u2103<\/td>\n    <\/tr>\n    <tr>\n      <td>Chargement :<\/td>\n      <td>jusqu'\u00e0 800 kg<\/td>\n    <\/tr>\n    <tr>\n      <td>Pression de fonctionnement :<\/td>\n      <td>0,6MPa<\/td>\n    <\/tr>\n    <tr>\n      <td>Poudre chauffante :<\/td>\n      <td>180KW<\/td>\n    <\/tr>\n    <tr>\n      <td>Gaz Moyen :<\/td>\n      <td>Ar, N2 et H2<\/td>\n    <\/tr>\n    <tr>\n      <td>Temps de refroidissement rapide :<\/td>\n      <td>25 minutes de 1500\u2103 \u00e0 100\u2103 dans un four vide \u00e0 0,6MPa<\/td>\n    <\/tr>\n    <tr>\n      <td>Uniformit\u00e9 de la temp\u00e9rature :<\/td>\n      <td>moins de \u00b15\u2103<\/td>\n    <\/tr>\n    <tr>\n      <td>Thermocouple :<\/td>\n      <td>tungst\u00e8ne rh\u00e9nium \u00e0 double noyau (WRe5.26)<\/td>\n    <\/tr>\n  <\/table>\n<\/body>\n<\/html>\n\t\t\t\t\t\t\t\t<\/div>\n\t\t\t\t<\/div>\n\t\t\t\t<div class=\"elementor-element elementor-element-a5a1891 elementor-widget elementor-widget-image\" data-id=\"a5a1891\" data-element_type=\"widget\" data-e-type=\"widget\" data-widget_type=\"image.default\">\n\t\t\t\t<div class=\"elementor-widget-container\">\n\t\t\t\t\t\t\t\t\t\t\t\t\t\t\t<img loading=\"lazy\" decoding=\"async\" width=\"660\" height=\"523\" src=\"https:\/\/carbideprovider.com\/wp-content\/uploads\/2025\/07\/carbid-sinterig-furnace-china.png\" class=\"attachment-large size-large wp-image-2869\" alt=\"carbid sinterig furnace china\" srcset=\"https:\/\/carbideprovider.com\/wp-content\/uploads\/2025\/07\/carbid-sinterig-furnace-china.png 660w, https:\/\/carbideprovider.com\/wp-content\/uploads\/2025\/07\/carbid-sinterig-furnace-china-300x238.png 300w, https:\/\/carbideprovider.com\/wp-content\/uploads\/2025\/07\/carbid-sinterig-furnace-china-15x12.png 15w\" sizes=\"(max-width: 660px) 100vw, 660px\" \/>\t\t\t\t\t\t\t\t\t\t\t\t\t\t\t<\/div>\n\t\t\t\t<\/div>\n\t\t\t\t<div class=\"elementor-element elementor-element-a44cd74 elementor-widget elementor-widget-heading\" data-id=\"a44cd74\" data-element_type=\"widget\" data-e-type=\"widget\" data-widget_type=\"heading.default\">\n\t\t\t\t<div class=\"elementor-widget-container\">\n\t\t\t\t\t<h4 class=\"elementor-heading-title elementor-size-default\">Four type 2212<\/h4>\t\t\t\t<\/div>\n\t\t\t\t<\/div>\n\t\t\t\t<div class=\"elementor-element elementor-element-f9d3f5f elementor-widget elementor-widget-text-editor\" data-id=\"f9d3f5f\" data-element_type=\"widget\" data-e-type=\"widget\" data-widget_type=\"text-editor.default\">\n\t\t\t\t<div class=\"elementor-widget-container\">\n\t\t\t\t\t\t\t\t\t<!DOCTYPE html>\n<html lang=\"en\">\n<head>\n  <meta charset=\"UTF-8\">\n  <style>\n    table {\n      border-collapse: collapse;\n      width: 800px;\n      font-family: Arial, sans-serif;\n      font-size: 14px;\n    }\n    td {\n      border: 1px solid #ddd;\n      padding: 6px 8px;\n      text-align: center;\n      line-height: 1.4;\n    }\n  <\/style>\n<\/head>\n<body>\n  <table>\n    <tr>\n      <td>Espace utilisable :<\/td>\n      <td>200X200X1200mm<\/td>\n    <\/tr>\n    <tr>\n      <td>Temp\u00e9rature max. Temp\u00e9rature max :<\/td>\n      <td>2200\u2103<\/td>\n    <\/tr>\n    <tr>\n      <td>Chargement :<\/td>\n      <td>jusqu'\u00e0 200 kg<\/td>\n    <\/tr>\n    <tr>\n      <td>Pression de fonctionnement :<\/td>\n      <td>6MPa<\/td>\n    <\/tr>\n    <tr>\n      <td>Poudre chauffante :<\/td>\n      <td>440KW<\/td>\n    <\/tr>\n    <tr>\n      <td>Gaz Moyen :<\/td>\n      <td>Ar, N2 et H2<\/td>\n    <\/tr>\n    <tr>\n      <td>Temps de refroidissement :<\/td>\n      <td>8 heures de 1900\u2103 \u00e0 100\u2103 dans un four vide \u00e0 5,8MPa<\/td>\n    <\/tr>\n    <tr>\n      <td>Uniformit\u00e9 de la temp\u00e9rature :<\/td>\n      <td>moins de \u00b15\u2103<\/td>\n    <\/tr>\n    <tr>\n      <td>Thermocouple :<\/td>\n      <td>tungst\u00e8ne rh\u00e9nium \u00e0 double noyau (WRe5.26)<\/td>\n    <\/tr>\n  <\/table>\n<\/body>\n<\/html>\n\t\t\t\t\t\t\t\t<\/div>\n\t\t\t\t<\/div>\n\t\t\t\t<div class=\"elementor-element elementor-element-b8e0df4 elementor-widget elementor-widget-image\" data-id=\"b8e0df4\" data-element_type=\"widget\" data-e-type=\"widget\" data-widget_type=\"image.default\">\n\t\t\t\t<div class=\"elementor-widget-container\">\n\t\t\t\t\t\t\t\t\t\t\t\t\t\t\t<img loading=\"lazy\" decoding=\"async\" width=\"641\" height=\"515\" src=\"https:\/\/carbideprovider.com\/wp-content\/uploads\/2025\/07\/HM-sintering-furnace-china.png\" class=\"attachment-large size-large wp-image-2871\" alt=\"HM sintering furnace china\" srcset=\"https:\/\/carbideprovider.com\/wp-content\/uploads\/2025\/07\/HM-sintering-furnace-china.png 641w, https:\/\/carbideprovider.com\/wp-content\/uploads\/2025\/07\/HM-sintering-furnace-china-300x241.png 300w, https:\/\/carbideprovider.com\/wp-content\/uploads\/2025\/07\/HM-sintering-furnace-china-15x12.png 15w\" sizes=\"(max-width: 641px) 100vw, 641px\" \/>\t\t\t\t\t\t\t\t\t\t\t\t\t\t\t<\/div>\n\t\t\t\t<\/div>\n\t\t\t\t<div class=\"elementor-element elementor-element-061edf1 elementor-widget elementor-widget-heading\" data-id=\"061edf1\" data-element_type=\"widget\" data-e-type=\"widget\" data-widget_type=\"heading.default\">\n\t\t\t\t<div class=\"elementor-widget-container\">\n\t\t\t\t\t<h2 class=\"elementor-heading-title elementor-size-default\">Avantages<\/h2>\t\t\t\t<\/div>\n\t\t\t\t<\/div>\n\t\t\t\t<div class=\"elementor-element elementor-element-840305e elementor-widget elementor-widget-text-editor\" data-id=\"840305e\" data-element_type=\"widget\" data-e-type=\"widget\" data-widget_type=\"text-editor.default\">\n\t\t\t\t<div class=\"elementor-widget-container\">\n\t\t\t\t\t\t\t\t\t<p>Imm\u00e9diatement apr\u00e8s le frittage sous vide, un gaz \u00e0 haute pression (g\u00e9n\u00e9ralement un gaz inerte tel que l'argon ou l'azote) de 50 bars (environ 5 MPa) est introduit. Il peut produire des effets de frittage assist\u00e9s par pression significatifs et b\u00e9n\u00e9fiques. Ce proc\u00e9d\u00e9 est g\u00e9n\u00e9ralement appel\u00e9 frittage sous pression de gaz ou frittage \u00e0 basse pression. Bien qu'il soit fondamentalement diff\u00e9rent du HIP, il a de meilleurs effets que le frittage sous vide simple, avec un co\u00fbt inf\u00e9rieur et un processus plus simple.<\/p><p><strong>Effets de cette combinaison de frittage sous vide + pression de gaz de 50 bars :<\/strong><\/p><p>&gt; Elle favorise la densification, contribue \u00e0 l'effondrement des pores interconnect\u00e9s restants ou \u00e0 la fermeture partielle des pores, et favorise le r\u00e9arrangement des particules et la migration des mat\u00e9riaux.<\/p><p>&gt; Acc\u00e9l\u00e9rer la formation de cellules ferm\u00e9es et la sph\u00e9ro\u00efdisation des pores, ce qui peut \u00eatre plus efficace pour am\u00e9liorer la t\u00e9nacit\u00e9 et la r\u00e9sistance \u00e0 la fatigue du mat\u00e9riau que la simple r\u00e9duction de la porosit\u00e9.<\/p><p>&gt; Suppression des pertes d'\u00e9l\u00e9ments volatils (avantage cl\u00e9 !), en particulier pour les alliages sp\u00e9ciaux (tels que certains laitons, bronzes, aciers rapides et aciers inoxydables) ou certains alliages contenant des \u00e9l\u00e9ments volatils (tels que le zinc Zn, le cadmium Cd, le mangan\u00e8se Mn, le chrome Cr, etc.)<\/p><p>&gt; Am\u00e9liorer la qualit\u00e9 de la surface : l'inhibition de la volatilisation des \u00e9l\u00e9ments permet d'\u00e9viter les trous en surface et les irr\u00e9gularit\u00e9s de composition dues \u00e0 la volatilisation, afin d'obtenir une surface plus lisse et plus uniforme.<\/p><p>&gt; Fournir un certain degr\u00e9 d'atmosph\u00e8re protectrice, pr\u00e9venir l'oxydation secondaire ou la d\u00e9carburation des corps fritt\u00e9s \u00e0 haute temp\u00e9rature (en particulier pour les mat\u00e9riaux \u00e0 base de fer).<\/p>\t\t\t\t\t\t\t\t<\/div>\n\t\t\t\t<\/div>\n\t\t\t\t\t<\/div>\n\t\t\t\t<\/div>\n\t\t\t\t<\/div>","protected":false},"excerpt":{"rendered":"<p>Vacuum &amp; Pressure Sintering Furnace Vacuum &amp; pressure sintering furnace is for the consolidation process of metallic or ceramic material powders to produce components with heat, and sometimes added pressure under the condition of vacuum or gas protection atmosphere and below the material melting temperature. For many materials, sintering can take place only under high [&hellip;]<\/p>\n","protected":false},"author":2,"featured_media":0,"parent":0,"menu_order":0,"comment_status":"closed","ping_status":"closed","template":"","meta":{"footnotes":""},"class_list":["post-2862","page","type-page","status-publish","hentry"],"blocksy_meta":[],"_links":{"self":[{"href":"https:\/\/carbideprovider.com\/fr\/wp-json\/wp\/v2\/pages\/2862","targetHints":{"allow":["GET"]}}],"collection":[{"href":"https:\/\/carbideprovider.com\/fr\/wp-json\/wp\/v2\/pages"}],"about":[{"href":"https:\/\/carbideprovider.com\/fr\/wp-json\/wp\/v2\/types\/page"}],"author":[{"embeddable":true,"href":"https:\/\/carbideprovider.com\/fr\/wp-json\/wp\/v2\/users\/2"}],"replies":[{"embeddable":true,"href":"https:\/\/carbideprovider.com\/fr\/wp-json\/wp\/v2\/comments?post=2862"}],"version-history":[{"count":25,"href":"https:\/\/carbideprovider.com\/fr\/wp-json\/wp\/v2\/pages\/2862\/revisions"}],"predecessor-version":[{"id":2895,"href":"https:\/\/carbideprovider.com\/fr\/wp-json\/wp\/v2\/pages\/2862\/revisions\/2895"}],"wp:attachment":[{"href":"https:\/\/carbideprovider.com\/fr\/wp-json\/wp\/v2\/media?parent=2862"}],"curies":[{"name":"wp","href":"https:\/\/api.w.org\/{rel}","templated":true}]}}